{"id":13543,"date":"2018-01-18T09:22:33","date_gmt":"2018-01-18T09:22:33","guid":{"rendered":"https:\/\/preprod.gamesystem.com\/evacuation-d-un-teleporte\/"},"modified":"2019-02-12T13:43:00","modified_gmt":"2019-02-12T13:43:00","slug":"rescue-and-evacuation-for-ropeway","status":"publish","type":"page","link":"https:\/\/gamesystem.com\/en\/rescue-and-evacuation-for-ropeway\/","title":{"rendered":"Rescue and Evacuation for Ropeway"},"content":{"rendered":"\n\t\t\t<h1>Ski lift evacuation solutions<\/h1>\n\t\t\t\t<p>When gondola lift users or skiers are stuck in a ropeway (chairlift, ski lift, tram, cable car etc.), it is essential that they are rescued as soon as possible. The ski patrol rescue team must be able to access the cabins or chairs in order to assist the trapped passengers. According to regulations, rescuers have a maximum time of 3 hours to evacuate all the passengers of the line. Consequently, rescuers need a variety of techniques to access the tower, move on the cable and rescue trapped passengers (autonomous access vehicle, evac rescue kit, self-braking descender).\u00a0<\/p>\n\t\t\t\t<img decoding=\"async\" src=\"https:\/\/gamesystem.com\/wp-content\/uploads\/2018\/05\/Acc\u00e8s-au-pylone-s\u00e9curis\u00e9.jpg\" alt=\"travail en hauteur sur pylone de remont\u00e9e m\u00e9acanique\">\n\t\t\t<p>TOWER ACCESS<\/p>\n\t\t\t\t<img decoding=\"async\" src=\"https:\/\/gamesystem.com\/wp-content\/uploads\/2018\/05\/Acc\u00e8s-dun-sauveteur-a-une-t\u00e9l\u00e9cabine-pour-effectuer-levacaution-de-t\u00e9l\u00e9port\u00e9.jpg\" alt=\"sauveteur se d\u00e9placent avec du mat\u00e9riel d\u2019\u00e9vacuation gamesystem\">\n\t\t\t<p>CABLE ACCESS<\/p>\n\t\t\t\t<img decoding=\"async\" src=\"https:\/\/gamesystem.com\/wp-content\/uploads\/2018\/05\/proc\u00e9dure-d\u00e9vacuation-dune-cabine-en-panne-et-de-personne-bloqu\u00e9s.jpg\" alt=\"\u00e9vacuation de personne bloqu\u00e9s dans une t\u00e9l\u00e9cabine\">\n\t\t\t<p>LIFT EVACUATION<\/p>\n\t<p>There are several criteria to consider when deciding on the equipment and evacuation technique to use: the number of cabins\/chairs to evacuate, the number of rescuers, distances between the towers, spans, evacuation areas, slope of the cable.<\/p>\n\t\t\t<h2>ACCESS SOLUTIONS FOR RESCUE AND LIFT EVACUATION<\/h2>\t\t\t\n\t\t\t<h3>Access vehicles to stuck or broken gondolas or chair lifts<\/h3>\n\t\t\t\t\t\t\t\t\t\t\t<img decoding=\"async\" src=\"https:\/\/gamesystem.com\/wp-content\/uploads\/2018\/07\/motorgames-pour-acc\u00e8s-des-sauveteurs-en-securite.png\" alt=\"\u00e9vacuation de personne t\u00e9l\u00e9port\u00e9\">\n\t\t\t\t\t\t<h4>\n\t\t\t\t\t\tMotorgames\t\t<\/h4>\n\t\t\t\t\t\t\t\t\t\t\t<img decoding=\"async\" src=\"https:\/\/gamesystem.com\/wp-content\/uploads\/2018\/07\/H\u00e9ligames-2.png\" alt=\"travail en hauteur et \u00e9vacuation\">\n\t\t\t\t\t\t<h4>\n\t\t\t\t\t\tHeligames 2\t\t<\/h4>\n\t\t\t\t\t\t\t\t\t\t\t<img decoding=\"async\" src=\"https:\/\/gamesystem.com\/wp-content\/uploads\/2018\/07\/V\u00e9ligames-2-acc\u00e9der-facilement-aux-personnes-t\u00e9l\u00e9port\u00e9s.png\" alt=\"acc\u00e8s des sauveteur au personne a \u00e9vacuer\">\n\t\t\t\t\t\t<h4>\n\t\t\t\t\t\tVeligames 2\t\t<\/h4>\n\t\t\t\t\t\t\t\t\t\t\t<img decoding=\"async\" src=\"https:\/\/gamesystem.com\/wp-content\/uploads\/2018\/07\/Monoroulette-Gamesystem.png\" alt=\"\u00e9vcauation de personne t\u00e9l\u00e9port\u00e9 dans t\u00e9l\u00e9cabine\">\n\t\t\t\t\t\t<h4>\n\t\t\t\t\t\tSingle roller\t\t<\/h4>\n\t\t\t\t\t\t\t\t\t\t\t<img decoding=\"async\" src=\"https:\/\/gamesystem.com\/wp-content\/uploads\/2018\/07\/Biroulette.png\" alt=\"secours en t\u00e9l\u00e9cabine t\u00e9l\u00e9ski\">\n\t\t\t\t\t\t<h4>\n\t\t\t\t\t\tDouble roller\t\t<\/h4>\n\t<p>Gamesystem has developed a range of vehicles specific to ropeways, enabling rescuers to safely and quickly access the people stuck on a chair lift or gondola lift. Our equipment is made for performing operations on cables with diameters from 26mm to 64mm. Our rescue equipment must be used by competent people trained in its use, and in accordance with a evacuation plan specific to each installation.<\/p>\n\t\t\t<h3>Rescue Kits and Self-braking descender<\/h3>\n\t\t\t\t\t\t\t\t\t\t\t<img decoding=\"async\" src=\"https:\/\/gamesystem.com\/wp-content\/uploads\/2018\/07\/choucas-HM-pour-\u00e9vacuation-de-t\u00e9l\u00e9port\u00e9.png\" alt=\"\u00e9vacuation de t\u00e9l\u00e9poort\u00e9 dans une t\u00e9l\u00e9cabine\">\n\t\t\t\t\t\t<h4>\n\t\t\t\t\t\tChoucas HM Evacuator\t\t<\/h4>\n\t\t\t\t\t\t\t\t\t\t\t<img decoding=\"async\" src=\"https:\/\/gamesystem.com\/wp-content\/uploads\/2018\/07\/\u00e9chelle-pour-acc\u00e8s-du-sauveteur-\u00e0-la-t\u00e9l\u00e9cabine.png\" alt=\"faciliter d'acc\u00e8s \u00e0 une t\u00e9l\u00e9cabine grace \u00e0 une \u00e9chelle\">\n\t\t\t\t\t\t<h4>\n\t\t\t\t\t\t Ladder\t\t<\/h4>\n\t\t\t\t\t\t\t\t\t\t\t<img decoding=\"async\" src=\"https:\/\/gamesystem.com\/wp-content\/uploads\/2018\/07\/treuil-pour-sauvetage-t\u00e9l\u00e9port\u00e9-plus-rapide.png\" alt=\"treuil pour sauvetage rapide\">\n\t\t\t\t\t\t<h4>\n\t\t\t\t\t\tWinch\t\t<\/h4>\n\t\t\t\t\t\t\t\t\t\t\t<img decoding=\"async\" src=\"https:\/\/gamesystem.com\/wp-content\/uploads\/2018\/07\/choucas-avec-volant-pour-\u00e9vacuation-de-personne.png\" alt=\"\u00e9vacuer skieurs bloqu\u00e9s dans t\u00e9l\u00e9cabine\">\n\t\t\t\t\t\t<h4>\n\t\t\t\t\t\tChoucas E-HM Evacuator\t\t<\/h4>\n\t\t\t\t\t\t\t\t\t\t\t<img decoding=\"async\" src=\"https:\/\/gamesystem.com\/wp-content\/uploads\/2018\/06\/sac-epi-gamesystem.png\" alt=\"sac pour travailleurs en hauteur\">\n\t\t\t\t\t\t<h4>\n\t\t\t\t\t\t PPE bag\t\t<\/h4>\n\t\t\t\t\t\t\t\t\t\t\t<img decoding=\"async\" src=\"https:\/\/gamesystem.com\/wp-content\/uploads\/2018\/07\/sac-devacuation-pour-t\u00e9l\u00e9port\u00e9.png\" alt=\"evcauation oblique pour t\u00e9l\u00e9port\u00e9\">\n\t\t\t\t\t\t<h4>\n\t\t\t\t\t\t Evacuation bag\t\t<\/h4>\n\t\t\t\t\t\t\t\t\t\t\t<img decoding=\"async\" src=\"https:\/\/gamesystem.com\/wp-content\/uploads\/2018\/06\/triangle-de-sauvetage-pour-\u00e9vacuation-dune-personne.png\" alt=\"\u00e9quipement permettant l'\u00e9vacuation\">\n\t\t\t\t\t\t<h4>\n\t\t\t\t\t\t Evacuation triangle\t\t<\/h4>\n\t\t\t\t\t\t\t\t\t\t\t<img decoding=\"async\" src=\"https:\/\/gamesystem.com\/wp-content\/uploads\/2019\/02\/skc-gamesystem.png\" alt=\"skc-gamesystem\">\n\t\t\t\t\t\t<h4>\n\t\t\t\t\t\tSKC-EVO by Gamesystem\t\t<\/h4>\n\t\t\t\t\t\t\t\t\t\t\t<img decoding=\"async\" src=\"https:\/\/gamesystem.com\/wp-content\/uploads\/2018\/07\/Roulette-d\u00e9vacuation-pour-secours-de-t\u00e9l\u00e9port\u00e9.png\" alt=\"sauveteur en montagne\">\n\t\t\t\t\t\t<h4>\n\t\t\t\t\t\tCarrying wheel\t\t<\/h4>\n\t<p>Gamesystem also offers a wide range of equipment specifically for evacuation that is used to rescue trapped people. Once installed by the rescuer, the equipment enables the fast and effective evacuation of passengers. The choice of equipment to use depends on a number of factors: the configuration of the ropeway (gondola, tram) and the ski lift evacuation technique to implement: oblique or vertical rescue.<\/p>\n\t\t\t<h2>PERSONAL PROTECTIVE EQUIPMENT SPECIFIC TO LIFT EVACUATION<\/h2>\t\t\t\n\t\t\t<h3>PPE specifically for rescuing ropeway passengers<\/h3>\n\t\t\t\t\t\t\t\t\t\t\t<img decoding=\"async\" src=\"https:\/\/gamesystem.com\/wp-content\/uploads\/2018\/05\/Longe-double-pour-travaux-en-hauteur.png\" alt=\"longe double pour interventions en hauteur\">\n\t\t\t\t\t\t<h4>\n\t\t\t\t\t\tDouble lanyard\t\t<\/h4>\n\t\t\t\t\t\t\t\t\t\t\t<img decoding=\"async\" src=\"https:\/\/gamesystem.com\/wp-content\/uploads\/2018\/05\/ceinture-de-maintien-pour-le-travail-en-hauteur.png\" alt=\"ceinture de maintien pour les op\u00e9rateurs travaillant en hauteur\">\n\t\t\t\t\t\t<h4>\n\t\t\t\t\t\t Safety belt\t\t<\/h4>\n\t\t\t\t\t\t\t\t\t\t\t<img decoding=\"async\" src=\"https:\/\/gamesystem.com\/wp-content\/uploads\/2018\/07\/enrouleur-\u00e0-rappel-automatique-stop-chute.png\" alt=\"enrouleur pour travail en hauteur\">\n\t\t\t\t\t\t<h4>\n\t\t\t\t\t\tSelf retractable fall arrester\t\t<\/h4>\n\t\t\t\t\t\t\t\t\t\t\t<img decoding=\"async\" src=\"https:\/\/gamesystem.com\/wp-content\/uploads\/2018\/05\/Sangle-dancrage-pour-travaux-en-hauteur.png\" alt=\"sangle d'ancrage sp\u00e9cifique au travaux en hauteur et aux interventions en s\u00e9curit\u00e9\">\n\t\t\t\t\t\t<h4>\n\t\t\t\t\t\tAnchor strap\t\t<\/h4>\n\t\t\t\t\t\t\t\t\t\t\t<img decoding=\"async\" src=\"https:\/\/gamesystem.com\/wp-content\/uploads\/2018\/06\/Harnais-de-securite-GH3.png\" alt=\"harnais s\u00e9curit\u00e9 pour travailleur en hauteur\">\n\t\t\t\t\t\t<h4>\n\t\t\t\t\t\tSafety harness Gh3\t\t<\/h4>\n\t\t\t\t\t\t\t\t\t\t\t<img decoding=\"async\" src=\"https:\/\/gamesystem.com\/wp-content\/uploads\/2018\/05\/Moduleur-corde-pour-toiture-plate-ou-pente.png\" alt=\"evoluer en s\u00e9curit\u00e9 en toiture\">\n\t\t\t\t\t\t<h4>\n\t\t\t\t\t\tModulator\t\t<\/h4>\n\t\t\t\t\t\t\t\t\t\t\t<img decoding=\"async\" src=\"https:\/\/gamesystem.com\/wp-content\/uploads\/2018\/06\/Harnais-de-s\u00e9curit\u00e9-GH5-pour-travail-en-hauteur.png\" alt=\"harnais de s\u00e9curit\u00e9 gamesystem\">\n\t\t\t\t\t\t<h4>\n\t\t\t\t\t\tSafety harness Gh5\t\t<\/h4>\n\t<p>To ensure the safety of ski patrol teams and rescuers during evacuations from ropeways, they must be equipped with fall arrest PPE. Gamesystem, French manufacturer of PPE,\u00a0 supplies you with all the specific personal protective equipment for rescue operations.<\/p>\n\t\t\t<h3>VIDEOS &#8211; ACCESS AND EVACUATION<\/h3>\t\t\t\n\t<iframe loading=\"lazy\" width=\"560\" height=\"315\" src=\"https:\/\/www.youtube.com\/embed\/WR00Ox3MHAU\" frameborder=\"0\" allow=\"accelerometer; autoplay; encrypted-media; gyroscope; picture-in-picture\" allowfullscreen><\/iframe>\n\t<iframe loading=\"lazy\" width=\"560\" height=\"315\" src=\"https:\/\/www.youtube.com\/embed\/PQxBUcGxuNU\" frameborder=\"0\" allow=\"accelerometer; autoplay; encrypted-media; gyroscope; picture-in-picture\" allowfullscreen><\/iframe>\n\t<iframe loading=\"lazy\" width=\"560\" height=\"315\" src=\"https:\/\/www.youtube.com\/embed\/k_udGY_Lz0g\" frameborder=\"0\" allow=\"accelerometer; autoplay; encrypted-media; gyroscope; picture-in-picture\" allowfullscreen><\/iframe>\n\t<p>Expert in interventions on ropeways and urban cable cars, Gamesystem offers you an extensive range of videos on the subject: aerial lift evacuation (rescue), use of access and rescue equipment (Motorgames, V\u00e9ligames II, H\u00e9ligames II, Choucas, etc.). These videos showcase the solutions and techniques that will enable your operators (rescue teams) to safely access your towers and cabins to evacuate aerial lifts.<\/p>\n\t\t\t<a href=\"\" target=\"_blank\" rel=\"noopener\"  role=\"button\">\n\t\t\t\t\t\t\t\t\t\t\tMore videos on YouTube\n\t\t<\/a>\n\t\t\t<h2>OUR ACHIEVEMENTS &#8211; INTERVENTIONS ON ROPEWAYS<\/h2>\t\t\t\n\t\t\t\t<a\n\t\t\thref=\"https:\/\/gamesystem.com\/wp-content\/uploads\/2018\/05\/secours-de-personne-t\u00e9l\u00e9port\u00e9-sur-t\u00e9l\u00e9si\u00e8ge-bloqu\u00e9.jpg\"\n\t\t\t\t\t\trel=\"nofollow\" data-fancybox=\"images\" \n\t\t\ttitle=\"secours de personne t\u00e9l\u00e9port\u00e9 sur t\u00e9l\u00e9si\u00e8ge bloqu\u00e9\" \n\t\t\tdata-description=\"un sauveteur vient secourir des skieurs bloqu\u00e9s sur un t\u00e9l\u00e9si\u00e8ege\" \n\t\t\titemprop=\"contentUrl\"\n\t\t>\n\t\t<img decoding=\"async\" src=\"https:\/\/gamesystem.com\/wp-content\/uploads\/2018\/05\/secours-de-personne-t\u00e9l\u00e9port\u00e9-sur-t\u00e9l\u00e9si\u00e8ge-bloqu\u00e9.jpg\" alt=\"sauvetage de skieurs bloqu\u00e9s sur t\u00e9l\u00e9si\u00e8ge\" data-no-lazy=\"1\" itemprop=\"thumbnail\" \/>\n\t\t\t<!-- Overlay Wrapper -->\n\t\t\t <!-- Overlay Wrapper Closed -->\n\t\t\t\t<\/a>\n\t\t\t\t\t\t\t<meta itemprop=\"width\" content=\"800\" \/>\n\t\t\t<meta itemprop=\"height\" content=\"600\" \/>\n\t\t\t\t<a\n\t\t\thref=\"https:\/\/gamesystem.com\/wp-content\/uploads\/2018\/05\/proc\u00e9dure-d\u00e9vacuation-dune-cabine-en-panne-et-de-personne-bloqu\u00e9s.jpg\"\n\t\t\t\t\t\trel=\"nofollow\" data-fancybox=\"images\" \n\t\t\ttitle=\"proc\u00e9dure d&amp;#039;\u00e9vacuation d&amp;#039;une cabine en panne et de personne bloqu\u00e9s\" \n\t\t\tdata-description=\"skieurs bloqu\u00e9s dans une t\u00e9l\u00e9cabine\" \n\t\t\titemprop=\"contentUrl\"\n\t\t>\n\t\t<img decoding=\"async\" src=\"https:\/\/gamesystem.com\/wp-content\/uploads\/2018\/05\/proc\u00e9dure-d\u00e9vacuation-dune-cabine-en-panne-et-de-personne-bloqu\u00e9s.jpg\" alt=\"\u00e9vacuation de personne bloqu\u00e9s dans une t\u00e9l\u00e9cabine\" data-no-lazy=\"1\" itemprop=\"thumbnail\" \/>\n\t\t\t<!-- Overlay Wrapper -->\n\t\t\t <!-- Overlay Wrapper Closed -->\n\t\t\t\t<\/a>\n\t\t\t\t\t\t\t<meta itemprop=\"width\" content=\"800\" \/>\n\t\t\t<meta itemprop=\"height\" content=\"600\" \/>\n\t\t\t\t<a\n\t\t\thref=\"https:\/\/gamesystem.com\/wp-content\/uploads\/2018\/05\/Motorgames-v\u00e9hicule-dacc\u00e8s-pour-sauveteur-au-t\u00e9l\u00e9cabine-ou-t\u00e9l\u00e9siege.jpg\"\n\t\t\t\t\t\trel=\"nofollow\" data-fancybox=\"images\" \n\t\t\ttitle=\"Motorgames v\u00e9hicule d&amp;#039;acc\u00e8s pour sauveteur au t\u00e9l\u00e9cabine ou t\u00e9l\u00e9siege\" \n\t\t\tdata-description=\"utilisation du motorgames\" \n\t\t\titemprop=\"contentUrl\"\n\t\t>\n\t\t<img decoding=\"async\" src=\"https:\/\/gamesystem.com\/wp-content\/uploads\/2018\/05\/Motorgames-v\u00e9hicule-dacc\u00e8s-pour-sauveteur-au-t\u00e9l\u00e9cabine-ou-t\u00e9l\u00e9siege.jpg\" alt=\"d\u00e9placement d'un sauveteur sur cable de remont\u00e9e m\u00e9canique\" data-no-lazy=\"1\" itemprop=\"thumbnail\" \/>\n\t\t\t<!-- Overlay Wrapper -->\n\t\t\t <!-- Overlay Wrapper Closed -->\n\t\t\t\t<\/a>\n\t\t\t\t\t\t\t<meta itemprop=\"width\" content=\"800\" \/>\n\t\t\t<meta itemprop=\"height\" content=\"600\" \/>\n\t\t\t\t<a\n\t\t\thref=\"https:\/\/gamesystem.com\/wp-content\/uploads\/2018\/05\/proc\u00e9dure-d\u00e9vacuation-de-personne-bloqu\u00e9s-dans-une-t\u00e9l\u00e9cabine.jpg\"\n\t\t\t\t\t\trel=\"nofollow\" data-fancybox=\"images\" \n\t\t\ttitle=\"proc\u00e9dure d&amp;#039;\u00e9vacuation de personne bloqu\u00e9s dans une t\u00e9l\u00e9cabine\" \n\t\t\tdata-description=\"syst\u00e8me d'\u00e9vacuation\" \n\t\t\titemprop=\"contentUrl\"\n\t\t>\n\t\t<img decoding=\"async\" src=\"https:\/\/gamesystem.com\/wp-content\/uploads\/2018\/05\/proc\u00e9dure-d\u00e9vacuation-de-personne-bloqu\u00e9s-dans-une-t\u00e9l\u00e9cabine.jpg\" alt=\"\u00e9vacuer des skieurs bloqu\u00e9s sur un t\u00e9l\u00e9si\u00e8ge\" data-no-lazy=\"1\" itemprop=\"thumbnail\" \/>\n\t\t\t<!-- Overlay Wrapper -->\n\t\t\t <!-- Overlay Wrapper Closed -->\n\t\t\t\t<\/a>\n\t\t\t\t\t\t\t<meta itemprop=\"width\" content=\"800\" \/>\n\t\t\t<meta itemprop=\"height\" content=\"600\" \/>\n\t\t\t\t<a\n\t\t\thref=\"https:\/\/gamesystem.com\/wp-content\/uploads\/2018\/05\/interventions-des-secours-sur-une-t\u00e9l\u00e9cabine-pour-\u00e9vacuer-les-personnes-bloqu\u00e9s.jpg\"\n\t\t\t\t\t\trel=\"nofollow\" data-fancybox=\"images\" \n\t\t\ttitle=\"interventions des secours sur une t\u00e9l\u00e9cabine pour \u00e9vacuer les personnes bloqu\u00e9s\" \n\t\t\tdata-description=\"travail avec du mat\u00e9riel d\u2019\u00e9vacuation sp\u00e9cifique aux remont\u00e9es m\u00e9caniques\" \n\t\t\titemprop=\"contentUrl\"\n\t\t>\n\t\t<img decoding=\"async\" src=\"https:\/\/gamesystem.com\/wp-content\/uploads\/2018\/05\/interventions-des-secours-sur-une-t\u00e9l\u00e9cabine-pour-\u00e9vacuer-les-personnes-bloqu\u00e9s.jpg\" alt=\"\u00e9vacuation rapide de personnes bloqu\u00e9s dans une t\u00e9l\u00e9cabine\" data-no-lazy=\"1\" itemprop=\"thumbnail\" \/>\n\t\t\t<!-- Overlay Wrapper -->\n\t\t\t <!-- Overlay Wrapper Closed -->\n\t\t\t\t<\/a>\n\t\t\t\t\t\t\t<meta itemprop=\"width\" content=\"800\" \/>\n\t\t\t<meta itemprop=\"height\" content=\"600\" \/>\n\t\t\t\t<a\n\t\t\thref=\"https:\/\/gamesystem.com\/wp-content\/uploads\/2018\/05\/v\u00e9hicule-dacc\u00e8s-pour-sauveteur-de-personnes-bloqu\u00e9s-dans-une-t\u00e9l\u00e9cabine-ou-t\u00e9l\u00e9siege.jpg\"\n\t\t\t\t\t\trel=\"nofollow\" data-fancybox=\"images\" \n\t\t\ttitle=\"v\u00e9hicule d&amp;#039;acc\u00e8s pour sauveteur de personnes bloqu\u00e9s dans une t\u00e9l\u00e9cabine ou t\u00e9l\u00e9siege\" \n\t\t\tdata-description=\"d\u00e9placement avec le v\u00e9ligames 2 de gamesystem\" \n\t\t\titemprop=\"contentUrl\"\n\t\t>\n\t\t<img decoding=\"async\" src=\"https:\/\/gamesystem.com\/wp-content\/uploads\/2018\/05\/v\u00e9hicule-dacc\u00e8s-pour-sauveteur-de-personnes-bloqu\u00e9s-dans-une-t\u00e9l\u00e9cabine-ou-t\u00e9l\u00e9siege.jpg\" alt=\"acc\u00e8s aux personnes \u00e0 secourir avec un v\u00e9hicule gamesystem\" data-no-lazy=\"1\" itemprop=\"thumbnail\" \/>\n\t\t\t<!-- Overlay Wrapper -->\n\t\t\t <!-- Overlay Wrapper Closed -->\n\t\t\t\t<\/a>\n\t\t\t\t\t\t\t<meta itemprop=\"width\" content=\"800\" \/>\n\t\t\t<meta itemprop=\"height\" content=\"600\" \/>\n\t\t\t\t<a\n\t\t\thref=\"https:\/\/gamesystem.com\/wp-content\/uploads\/2018\/05\/formation-des-sauveteurs-\u00e0-l\u00e9vacauation-sur-un-t\u00e9l\u00e9cabine-de-brest.jpg\"\n\t\t\t\t\t\trel=\"nofollow\" data-fancybox=\"images\" \n\t\t\ttitle=\"formation des sauveteurs \u00e0 l&amp;#039;\u00e9vacauation sur un t\u00e9l\u00e9cabine de brest\" \n\t\t\tdata-description=\"\u00e9vacuation de personnes bloqu\u00e9s sur le t\u00e9l\u00e9ph\u00e9rique de brest\" \n\t\t\titemprop=\"contentUrl\"\n\t\t>\n\t\t<img decoding=\"async\" src=\"https:\/\/gamesystem.com\/wp-content\/uploads\/2018\/05\/formation-des-sauveteurs-\u00e0-l\u00e9vacauation-sur-un-t\u00e9l\u00e9cabine-de-brest.jpg\" alt=\"formation \u00e0 l\u2019\u00e9vacuation de personne suspendue sur le t\u00e9l\u00e9ph\u00e9rique de brest\" data-no-lazy=\"1\" itemprop=\"thumbnail\" \/>\n\t\t\t<!-- Overlay Wrapper -->\n\t\t\t <!-- Overlay Wrapper Closed -->\n\t\t\t\t<\/a>\n\t\t\t\t\t\t\t<meta itemprop=\"width\" content=\"800\" \/>\n\t\t\t<meta itemprop=\"height\" content=\"600\" \/>\n\t\t\t\t<a\n\t\t\thref=\"https:\/\/gamesystem.com\/wp-content\/uploads\/2018\/05\/\u00e9vacution-de-personne-bloqu\u00e9s-dans-une-t\u00e9l\u00e9cabine-en-panne.jpg\"\n\t\t\t\t\t\trel=\"nofollow\" data-fancybox=\"images\" \n\t\t\ttitle=\"\u00e9vacution de personne bloqu\u00e9s dans une t\u00e9l\u00e9cabine en panne\" \n\t\t\tdata-description=\"interventions quand la t\u00e9l\u00e9cabine est en panne\" \n\t\t\titemprop=\"contentUrl\"\n\t\t>\n\t\t<img decoding=\"async\" src=\"https:\/\/gamesystem.com\/wp-content\/uploads\/2018\/05\/\u00e9vacution-de-personne-bloqu\u00e9s-dans-une-t\u00e9l\u00e9cabine-en-panne.jpg\" alt=\"\u00e9vacuation de deux personnes bloqu\u00e9s dans une t\u00e9l\u00e9cabine\" data-no-lazy=\"1\" itemprop=\"thumbnail\" \/>\n\t\t\t<!-- Overlay Wrapper -->\n\t\t\t <!-- Overlay Wrapper Closed -->\n\t\t\t\t<\/a>\n\t\t\t\t\t\t\t<meta itemprop=\"width\" content=\"800\" \/>\n\t\t\t<meta itemprop=\"height\" content=\"600\" \/>\n\t\t\t<h2>TRAINING SPECIFIC TO ROPEWAYS RESCUE OPERATIONS<\/h2>\t\t\t\n\t\t\t\t<img decoding=\"async\" src=\"https:\/\/gamesystem.com\/wp-content\/uploads\/2018\/07\/Interventions-sur-les-remont\u00e9es-m\u00e9caniques-et-\u00e9vacuation-de-t\u00e9l\u00e9port\u00e9.jpg\" alt=\"formation travaux en hauteur et interventions sur remont\u00e9e m\u00e9canique\" itemprop=\"image\"\/>\n\t\t\t<h3>Interventions on ski lifts and aerial lift rescue <br>   Duration : 1 to 3 days <\/h3>\t\t\t\n\t\t\t\t<p>Intervention and safe rescue on ski lifts<\/p>\n\t\t\t<a href=\"https:\/\/gamesystem.com\/en\/contact-us\/\" target=\"_blank\" rel=\"noopener\"  role=\"button\">\n\t\t\t\t\t\t\tContact us\n\t\t<\/a>\n","protected":false},"excerpt":{"rendered":"<p>Ski lift evacuation solutions When gondola lift users or skiers are stuck in a ropeway (chairlift, ski lift, tram, cable car etc.), it is essential that they are rescued as&hellip;<\/p>\n","protected":false},"author":7,"featured_media":0,"parent":0,"menu_order":0,"comment_status":"closed","ping_status":"open","template":"","meta":[],"_links":{"self":[{"href":"https:\/\/gamesystem.com\/en\/wp-json\/wp\/v2\/pages\/13543"}],"collection":[{"href":"https:\/\/gamesystem.com\/en\/wp-json\/wp\/v2\/pages"}],"about":[{"href":"https:\/\/gamesystem.com\/en\/wp-json\/wp\/v2\/types\/page"}],"author":[{"embeddable":true,"href":"https:\/\/gamesystem.com\/en\/wp-json\/wp\/v2\/users\/7"}],"replies":[{"embeddable":true,"href":"https:\/\/gamesystem.com\/en\/wp-json\/wp\/v2\/comments?post=13543"}],"version-history":[{"count":0,"href":"https:\/\/gamesystem.com\/en\/wp-json\/wp\/v2\/pages\/13543\/revisions"}],"wp:attachment":[{"href":"https:\/\/gamesystem.com\/en\/wp-json\/wp\/v2\/media?parent=13543"}],"curies":[{"name":"wp","href":"https:\/\/api.w.org\/{rel}","templated":true}]}}