{"id":13523,"date":"2018-01-24T09:03:08","date_gmt":"2018-01-24T09:03:08","guid":{"rendered":"https:\/\/preprod.gamesystem.com\/produits\/"},"modified":"2019-06-12T14:44:01","modified_gmt":"2019-06-12T14:44:01","slug":"products","status":"publish","type":"page","link":"https:\/\/gamesystem.com\/en\/products\/","title":{"rendered":"All our products"},"content":{"rendered":"\n\t\t\t<h2>Personal protection<\/h2>\t\t\t\t\n\t\t\t\t\t\t\t\t\t\t\t<img decoding=\"async\" src=\"https:\/\/gamesystem.com\/wp-content\/uploads\/2018\/05\/Ligne-de-vie-sur-toiture-pente-avec-un-op\u00e9rateur-s\u00e9curis\u00e9.jpg\" alt=\"travail en hauteur sur toit avec une solution de protection individuelle\">\n\t\t\t\t\t\t<h4>\n\t\t\t\t\t\tLifeline\t\t<\/h4>\n\t\t\t\t\t\t\t\t\t\t\t<img decoding=\"async\" src=\"https:\/\/gamesystem.com\/wp-content\/uploads\/2018\/05\/rail-de-s\u00e9curit\u00e9-pour-travail-en-hauteur.jpg\" alt=\"chargement de wagon\">\n\t\t\t\t\t\t<h4>\n\t\t\t\t\t\tRail\t\t<\/h4>\n\t\t\t\t\t\t\t\t\t\t\t<img decoding=\"async\" src=\"https:\/\/gamesystem.com\/wp-content\/uploads\/2018\/05\/s\u00e9curisation-dun-camion-avec-une-potence-et-un-rail.jpg\" alt=\"portique pour s\u00e9curiser les interventions sur camions et le travail en hauteur\">\n\t\t\t\t\t\t<h3>\n\t\t\t\t\t\t Gantry\t\t<\/h3>\n\t\t\t\t\t\t\t\t\t\t\t<img decoding=\"async\" src=\"https:\/\/gamesystem.com\/wp-content\/uploads\/2018\/06\/cable-de-s\u00e9curit\u00e9-pour-\u00e9voluer-en-hauteur-en-s\u00e9curit\u00e9.jpg\" alt=\"travail en hauteur avec cable\">\n\t\t\t\t\t\t<h3>\n\t\t\t\t\t\t Security cable  8\/16\t\t<\/h3>\n\t\t\t\t\t\t\t\t\t\t\t<img decoding=\"async\" src=\"https:\/\/gamesystem.com\/wp-content\/uploads\/2018\/05\/Echelle-pour-acces-en-toiture.jpg\" alt=\"echelle crinoline en alu pour acc\u00e9der en hauteur\">\n\t\t\t\t\t\t<h4>\n\t\t\t\t\t\t Ladder\t\t<\/h4>\n\t\t\t\t\t\t\t\t\t\t\t<img decoding=\"async\" src=\"https:\/\/gamesystem.com\/wp-content\/uploads\/2018\/06\/mat-dancrage-pour-travail-en-s\u00e9curit\u00e9.jpg\" alt=\"point d'ancrage sur un mat\">\n\t\t\t\t\t\t<h4>\n\t\t\t\t\t\tAnchor Mast\t\t<\/h4>\n\t\t\t\t\t\t\t\t\t\t\t<img decoding=\"async\" src=\"https:\/\/gamesystem.com\/wp-content\/uploads\/2018\/06\/Cable-de-s\u00e9curit\u00e9-avec-biroulette-frein-1.jpg\" alt=\"ligne de vie cable avec systeme de s\u00e9curit\u00e9\">\n\t\t\t\t\t\t<h3>\n\t\t\t\t\t\t Safety cable with brake\t\t<\/h3>\n\t\t\t\t\t\t\t\t\t\t\t<img decoding=\"async\" src=\"https:\/\/gamesystem.com\/wp-content\/uploads\/2018\/06\/Broche-coucou-pour-travail-en-hauteur.jpg\" alt=\"utilisation d'un systme anti chute\">\n\t\t\t\t\t\t<h3>\n\t\t\t\t\t\tBroche cou-cou\t\t<\/h3>\n\t\t\t\t\t\t\t\t\t\t\t<img decoding=\"async\" src=\"https:\/\/gamesystem.com\/wp-content\/uploads\/2018\/05\/tripode-pour-milieu-confin\u00e9.jpg\" alt=\"syst\u00e8me d\u2019\u00e9vacuation pour milieu confin\u00e9\">\n\t\t\t\t\t\t<h4>\n\t\t\t\t\t\t Tripod\t\t<\/h4>\n\t\t\t\t\t\t\t\t\t\t\t<img decoding=\"async\" src=\"https:\/\/gamesystem.com\/wp-content\/uploads\/2018\/05\/point-dancrage-pour-toiture.jpg\" alt=\"point d'ancrage pour travaux en hauteur en s\u00e9curit\u00e9\">\n\t\t\t\t\t\t<h4>\n\t\t\t\t\t\t Anchor point\t\t<\/h4>\n\t\t\t\t\t\t\t\t\t\t\t<img decoding=\"async\" src=\"https:\/\/gamesystem.com\/wp-content\/uploads\/2018\/05\/solution-pour-s\u00e9curiser-les-interventions-dans-les-espaces-confin\u00e9s.jpg\" alt=\"potence pour acc\u00e8s en s\u00e9curit\u00e9 dans espace confin\u00e9\">\n\t\t\t\t\t\t<h4>\n\t\t\t\t\t\tJib crane\t\t<\/h4>\n\t\t\t\t\t\t\t\t\t\t\t<img decoding=\"async\" src=\"https:\/\/gamesystem.com\/wp-content\/uploads\/2018\/05\/portique-sur-mesure-pour-acc\u00e8s-dans-un-espace-confin\u00e9.jpg\" alt=\"travailler dans un egoutier en s\u00e9curit\u00e9\">\n\t\t\t\t\t\t<h4>\n\t\t\t\t\t\t Gantry\t\t<\/h4>\n\t\t\t<h2>Collective protection<\/h2>\t\t\t\t\n\t\t\t\t\t\t\t\t\t\t\t<img decoding=\"async\" src=\"https:\/\/gamesystem.com\/wp-content\/uploads\/2018\/05\/Garde-corp-amovible-pour-exterieur-et-toit-terasse.jpg\" alt=\"garde corps exterieur toiture terrasse\">\n\t\t\t\t\t\t<h4>\n\t\t\t\t\t\tGuardrail  \t\t<\/h4>\n\t\t\t\t\t\t\t\t\t\t\t<img decoding=\"async\" src=\"https:\/\/gamesystem.com\/wp-content\/uploads\/2018\/05\/Escalier-en-milieu-industriel.png\" alt=\"escalier avec garde corps\">\n\t\t\t\t\t\t<h4>\n\t\t\t\t\t\tStairs\t\t<\/h4>\n\t\t\t\t\t\t\t\t\t\t\t<img decoding=\"async\" src=\"https:\/\/gamesystem.com\/wp-content\/uploads\/2018\/05\/Echelle-a-crinoline-pour-acc\u00e8der-sur-une-toiture-en-s\u00e9curit\u00e9.jpg\" alt=\"echelle a crinoline permettant d'\u00e9voluer en s\u00e9curit\u00e9 en hauteur\">\n\t\t\t\t\t\t<h4>\n\t\t\t\t\t\tCage ladder\t\t<\/h4>\n\t\t\t\t\t\t\t\t\t\t\t<img decoding=\"async\" src=\"https:\/\/gamesystem.com\/wp-content\/uploads\/2018\/05\/balisage-de-toiture-et-chemin-de-circulation.jpg\" alt=\"chemin d'acc\u00e8s pour travailleur sur toitute\">\n\t\t\t\t\t\t<h4>\n\t\t\t\t\t\tWalkway\t\t<\/h4>\n\t\t\t\t\t\t\t\t\t\t\t<img decoding=\"async\" src=\"https:\/\/gamesystem.com\/wp-content\/uploads\/2018\/09\/Passerelle-pour-s\u00e9curiser-les-acc\u00e8s.jpg\" alt=\"Passerelle permettant de s\u00e9curis\u00e9 le travail en hauteur\">\n\t\t\t\t\t\t<h4>\n\t\t\t\t\t\tTravelling gantry\t\t<\/h4>\n\t\t\t\t\t\t\t\t\t\t\t<img decoding=\"async\" src=\"https:\/\/gamesystem.com\/wp-content\/uploads\/2018\/05\/Saut-de-loup-sur-toiture-plate.jpg\" alt=\"solution antichute pour acc\u00e8s en s\u00e9curit\u00e9 sur toit et travailler en hauteur\">\n\t\t\t\t\t\t<h4>\n\t\t\t\t\t\tCrossover\t\t<\/h4>\n\t\t\t<h2>Safety harness<\/h2>\t\t\t\t\n\t\t\t\t\t\t\t\t\t\t\t<img decoding=\"async\" src=\"https:\/\/gamesystem.com\/wp-content\/uploads\/2018\/06\/Harnais-s\u00e9curit\u00e9-GHS-pour-travaux-en-hauteur.png\" alt=\"harnais de s\u00e9curit\u00e9 pour le travail en hauteur\">\n\t\t\t\t\t\t<h4>\n\t\t\t\t\t\tSafety harness GHS\t\t<\/h4>\n\t\t\t\t\t\t\t\t\t\t\t<img decoding=\"async\" src=\"https:\/\/gamesystem.com\/wp-content\/uploads\/2018\/06\/Harnais-de-s\u00e9curit\u00e9-GH5-pour-travail-en-hauteur.png\" alt=\"harnais de s\u00e9curit\u00e9 gamesystem\">\n\t\t\t\t\t\t<h4>\n\t\t\t\t\t\tSafety harness Gh5\t\t<\/h4>\n\t\t\t\t\t\t\t\t\t\t\t<img decoding=\"async\" src=\"https:\/\/gamesystem.com\/wp-content\/uploads\/2018\/06\/harnais-Gh1.png\" alt=\"harnais de travail gamesystem\">\n\t\t\t\t\t\t<h4>\n\t\t\t\t\t\tSafety harness GH1\t\t<\/h4>\n\t\t\t\t\t\t\t\t\t\t\t<img decoding=\"async\" src=\"https:\/\/gamesystem.com\/wp-content\/uploads\/2018\/05\/ceinture-de-maintien-pour-le-travail-en-hauteur.png\" alt=\"ceinture de maintien pour les op\u00e9rateurs travaillant en hauteur\">\n\t\t\t\t\t\t<h4>\n\t\t\t\t\t\t Safety belt\t\t<\/h4>\n\t\t\t\t\t\t\t\t\t\t\t<img decoding=\"async\" src=\"https:\/\/gamesystem.com\/wp-content\/uploads\/2018\/06\/Harnais-de-securite-GH3.png\" alt=\"harnais s\u00e9curit\u00e9 pour travailleur en hauteur\">\n\t\t\t\t\t\t<h4>\n\t\t\t\t\t\tSafety harness Gh3\t\t<\/h4>\n\t\t\t<h2>Fall protection connectors<\/h2>\t\t\t\t\n\t\t\t\t\t\t\t\t\t\t\t<img decoding=\"async\" src=\"https:\/\/gamesystem.com\/wp-content\/uploads\/2018\/05\/Longe-double-pour-travaux-en-hauteur.png\" alt=\"longe double pour interventions en hauteur\">\n\t\t\t\t\t\t<h4>\n\t\t\t\t\t\tDouble lanyard\t\t<\/h4>\n\t\t\t\t\t\t\t\t\t\t\t<img decoding=\"async\" src=\"https:\/\/gamesystem.com\/wp-content\/uploads\/2018\/07\/enrouleur-\u00e0-rappel-automatique-stop-chute.png\" alt=\"enrouleur pour travail en hauteur\">\n\t\t\t\t\t\t<h4>\n\t\t\t\t\t\tAutomatic fall prevention device\t\t<\/h4>\n\t\t\t\t\t\t\t\t\t\t\t<img decoding=\"async\" src=\"https:\/\/gamesystem.com\/wp-content\/uploads\/2018\/07\/connecteurs-Gamesystem.png\" alt=\"connceteurs : crochets et mousqueton pour travail en hauteur\">\n\t\t\t\t\t\t<h4>\n\t\t\t\t\t\t Connectors\t\t<\/h4>\n\t\t\t\t\t\t\t\t\t\t\t<img decoding=\"async\" src=\"https:\/\/gamesystem.com\/wp-content\/uploads\/2018\/05\/Sangle-dancrage-pour-travaux-en-hauteur.png\" alt=\"sangle d'ancrage sp\u00e9cifique au travaux en hauteur et aux interventions en s\u00e9curit\u00e9\">\n\t\t\t\t\t\t<h4>\n\t\t\t\t\t\tAnchor strap\t\t<\/h4>\n\t\t\t\t\t\t\t\t\t\t\t<img decoding=\"async\" src=\"https:\/\/gamesystem.com\/wp-content\/uploads\/2018\/05\/Systeme-papillon-pour-travaux-en-hauteur.png\" alt=\"system de protection vertcial papillon gamesystem\">\n\t\t\t\t\t\t<h4>\n\t\t\t\t\t\tSystem Papillon\t\t<\/h4>\n\t\t\t\t\t\t\t\t\t\t\t<img decoding=\"async\" src=\"https:\/\/gamesystem.com\/wp-content\/uploads\/2018\/05\/Moduleur-corde-pour-toiture-plate-ou-pente.png\" alt=\"evoluer en s\u00e9curit\u00e9 en toiture\">\n\t\t\t\t\t\t<h4>\n\t\t\t\t\t\tModulator\t\t<\/h4>\n\t\t\t\t\t\t\t\t\t\t\t<img decoding=\"async\" src=\"https:\/\/gamesystem.com\/wp-content\/uploads\/2018\/05\/Perche-t\u00e9l\u00e9scopique.png\" alt=\"perche pour travail en hauteur\">\n\t\t\t\t\t\t<h4>\n\t\t\t\t\t\tTelescopic pole\t\t<\/h4>\n\t\t\t<h3>Solutions for Ropeway<\/h3>\n\t\t\t\t\t\t\t\t\t\t\t<img decoding=\"async\" src=\"https:\/\/gamesystem.com\/wp-content\/uploads\/2018\/07\/motorgames-pour-acc\u00e8s-des-sauveteurs-en-securite.png\" alt=\"\u00e9vacuation de personne t\u00e9l\u00e9port\u00e9\">\n\t\t\t\t\t\t<h4>\n\t\t\t\t\t\tMotorgames\t\t<\/h4>\n\t\t\t\t\t\t\t\t\t\t\t<img decoding=\"async\" src=\"https:\/\/gamesystem.com\/wp-content\/uploads\/2018\/07\/H\u00e9ligames-2.png\" alt=\"travail en hauteur et \u00e9vacuation\">\n\t\t\t\t\t\t<h4>\n\t\t\t\t\t\tHeligames 2\t\t<\/h4>\n\t\t\t\t\t\t\t\t\t\t\t<img decoding=\"async\" src=\"https:\/\/gamesystem.com\/wp-content\/uploads\/2018\/07\/V\u00e9ligames-2-acc\u00e9der-facilement-aux-personnes-t\u00e9l\u00e9port\u00e9s.png\" alt=\"acc\u00e8s des sauveteur au personne a \u00e9vacuer\">\n\t\t\t\t\t\t<h4>\n\t\t\t\t\t\tVeligames 2\t\t<\/h4>\n\t\t\t\t\t\t\t\t\t\t\t<img decoding=\"async\" src=\"https:\/\/gamesystem.com\/wp-content\/uploads\/2018\/07\/Biroulette.png\" alt=\"secours en t\u00e9l\u00e9cabine t\u00e9l\u00e9ski\">\n\t\t\t\t\t\t<h4>\n\t\t\t\t\t\tDouble roller\t\t<\/h4>\n\t\t\t\t\t\t\t\t\t\t\t<img decoding=\"async\" src=\"https:\/\/gamesystem.com\/wp-content\/uploads\/2018\/07\/choucas-HM-pour-\u00e9vacuation-de-t\u00e9l\u00e9port\u00e9.png\" alt=\"\u00e9vacuation de t\u00e9l\u00e9poort\u00e9 dans une t\u00e9l\u00e9cabine\">\n\t\t\t\t\t\t<h4>\n\t\t\t\t\t\tChoucas HM Evacuator\t\t<\/h4>\n\t\t\t\t\t\t\t\t\t\t\t<img decoding=\"async\" src=\"https:\/\/gamesystem.com\/wp-content\/uploads\/2018\/07\/sac-devacuation-pour-t\u00e9l\u00e9port\u00e9.png\" alt=\"evcauation oblique pour t\u00e9l\u00e9port\u00e9\">\n\t\t\t\t\t\t<h4>\n\t\t\t\t\t\t Evacuation bag\t\t<\/h4>\n\t\t\t\t\t\t\t\t\t\t\t<img decoding=\"async\" src=\"https:\/\/gamesystem.com\/wp-content\/uploads\/2018\/07\/Monoroulette-Gamesystem.png\" alt=\"\u00e9vcauation de personne t\u00e9l\u00e9port\u00e9 dans t\u00e9l\u00e9cabine\">\n\t\t\t\t\t\t<h4>\n\t\t\t\t\t\tSingle roller\t\t<\/h4>\n\t\t\t\t\t\t\t\t\t\t\t<img decoding=\"async\" src=\"https:\/\/gamesystem.com\/wp-content\/uploads\/2018\/07\/choucas-avec-volant-pour-\u00e9vacuation-de-personne.png\" alt=\"\u00e9vacuer skieurs bloqu\u00e9s dans t\u00e9l\u00e9cabine\">\n\t\t\t\t\t\t<h4>\n\t\t\t\t\t\tChoucas E-HM Evacuator\t\t<\/h4>\n\t\t\t\t\t\t\t\t\t\t\t<img decoding=\"async\" src=\"https:\/\/gamesystem.com\/wp-content\/uploads\/2018\/06\/sac-epi-gamesystem.png\" alt=\"sac pour travailleurs en hauteur\">\n\t\t\t\t\t\t<h4>\n\t\t\t\t\t\tPPE Bag\t\t<\/h4>\n\t\t\t\t\t\t\t\t\t\t\t<img decoding=\"async\" src=\"https:\/\/gamesystem.com\/wp-content\/uploads\/2018\/07\/Roulette-d\u00e9vacuation-pour-secours-de-t\u00e9l\u00e9port\u00e9.png\" alt=\"sauveteur en montagne\">\n\t\t\t\t\t\t<h4>\n\t\t\t\t\t\tRoller\t\t<\/h4>\n\t\t\t\t\t\t\t\t\t\t\t<img decoding=\"async\" src=\"https:\/\/gamesystem.com\/wp-content\/uploads\/2018\/07\/treuil-pour-sauvetage-t\u00e9l\u00e9port\u00e9-plus-rapide.png\" alt=\"treuil pour sauvetage rapide\">\n\t\t\t\t\t\t<h4>\n\t\t\t\t\t\tWinch\t\t<\/h4>\n\t\t\t\t\t\t\t\t\t\t\t<img decoding=\"async\" src=\"https:\/\/gamesystem.com\/wp-content\/uploads\/2018\/07\/\u00e9chelle-pour-acc\u00e8s-du-sauveteur-\u00e0-la-t\u00e9l\u00e9cabine.png\" alt=\"faciliter d'acc\u00e8s \u00e0 une t\u00e9l\u00e9cabine grace \u00e0 une \u00e9chelle\">\n\t\t\t\t\t\t<h4>\n\t\t\t\t\t\t Ladder\t\t<\/h4>\n\t\t\t<h3>Specific<\/h3>\n\t\t\t\t\t\t\t\t\t\t\t<img decoding=\"async\" src=\"https:\/\/gamesystem.com\/wp-content\/uploads\/2018\/05\/Geca-150.png\" alt=\"solution d'\u00e9vacuation de personne suspendue\">\n\t\t\t\t\t\t<h4>\n\t\t\t\t\t\tGEca 150 Evacuator\t\t<\/h4>\n\t\t\t\t\t\t\t\t\t\t\t<img decoding=\"async\" src=\"https:\/\/gamesystem.com\/wp-content\/uploads\/2018\/05\/Perche-t\u00e9l\u00e9scopique.png\" alt=\"perche pour travail en hauteur\">\n\t\t\t\t\t\t<h4>\n\t\t\t\t\t\tTelescopic pole\t\t<\/h4>\n\t\t\t\t\t\t\t\t\t\t\t<img decoding=\"async\" src=\"https:\/\/gamesystem.com\/wp-content\/uploads\/2018\/07\/choucas-HM-pour-\u00e9vacuation-de-t\u00e9l\u00e9port\u00e9.png\" alt=\"\u00e9vacuation de t\u00e9l\u00e9poort\u00e9 dans une t\u00e9l\u00e9cabine\">\n\t\t\t\t\t\t<h4>\n\t\t\t\t\t\tChoucas S Evacuator\t\t<\/h4>\n\t\t\t\t\t\t\t\t\t\t\t<img decoding=\"async\" src=\"https:\/\/gamesystem.com\/wp-content\/uploads\/2018\/05\/Systeme-papillon-pour-travaux-en-hauteur.png\" alt=\"system de protection vertcial papillon gamesystem\">\n\t\t\t\t\t\t<h4>\n\t\t\t\t\t\tSystem Papillon\t\t<\/h4>\n\t\t\t\t\t\t\t\t\t\t\t<img decoding=\"async\" src=\"https:\/\/gamesystem.com\/wp-content\/uploads\/2018\/07\/Choucas-avec-voulant-E.png\" alt=\"\u00e9vacuateur de personne bloqu\u00e9\">\n\t\t\t\t\t\t<h4>\n\t\t\t\t\t\tChoucas E Evacuator\t\t<\/h4>\n\t\t\t\t\t\t\t\t\t\t\t<img decoding=\"async\" src=\"https:\/\/gamesystem.com\/wp-content\/uploads\/2018\/05\/Toucan.png\" alt=\"selette toucan pour travail en hauteur\">\n\t\t\t\t\t\t<h4>\n\t\t\t\t\t\tToucan cradle\t\t<\/h4>\n\t\t\t\t\t\t\t\t\t\t\t<img decoding=\"async\" src=\"https:\/\/gamesystem.com\/wp-content\/uploads\/2018\/06\/triangle-de-sauvetage-pour-\u00e9vacuation-dune-personne.png\" alt=\"\u00e9quipement permettant l'\u00e9vacuation\">\n\t\t\t\t\t\t<h4>\n\t\t\t\t\t\tEvacuation triangle\t\t<\/h4>\n\t\t\t<h2>Protection of Lone workers and workers at Height<\/h2>\t\t\t\t\n\t\t\t\t\t\t\t\t\t\t\t<img decoding=\"async\" src=\"https:\/\/gamesystem.com\/wp-content\/uploads\/2018\/06\/dispositif-pour-travailleurs-isol\u00e9s-et-en-hauteuur-pti-dati.png\" alt=\"dispositif anti chute\">\n\t\t\t\t\t\t<h4>\n\t\t\t\t\t\tFall detector\t\t<\/h4>\n","protected":false},"excerpt":{"rendered":"<p>Personal protection Lifeline Rail Gantry Security cable 8\/16 Ladder Anchor Mast Safety cable with brake Broche cou-cou Tripod Anchor point Jib crane Gantry Collective protection Guardrail Stairs Cage ladder Walkway&hellip;<\/p>\n","protected":false},"author":7,"featured_media":0,"parent":0,"menu_order":0,"comment_status":"closed","ping_status":"open","template":"","meta":[],"_links":{"self":[{"href":"https:\/\/gamesystem.com\/en\/wp-json\/wp\/v2\/pages\/13523"}],"collection":[{"href":"https:\/\/gamesystem.com\/en\/wp-json\/wp\/v2\/pages"}],"about":[{"href":"https:\/\/gamesystem.com\/en\/wp-json\/wp\/v2\/types\/page"}],"author":[{"embeddable":true,"href":"https:\/\/gamesystem.com\/en\/wp-json\/wp\/v2\/users\/7"}],"replies":[{"embeddable":true,"href":"https:\/\/gamesystem.com\/en\/wp-json\/wp\/v2\/comments?post=13523"}],"version-history":[{"count":0,"href":"https:\/\/gamesystem.com\/en\/wp-json\/wp\/v2\/pages\/13523\/revisions"}],"wp:attachment":[{"href":"https:\/\/gamesystem.com\/en\/wp-json\/wp\/v2\/media?parent=13523"}],"curies":[{"name":"wp","href":"https:\/\/api.w.org\/{rel}","templated":true}]}}