{"id":13518,"date":"2018-02-20T15:24:34","date_gmt":"2018-02-20T15:24:34","guid":{"rendered":"https:\/\/preprod.gamesystem.com\/protection-individuelle\/"},"modified":"2019-01-16T15:28:16","modified_gmt":"2019-01-16T15:28:16","slug":"personal-protection","status":"publish","type":"page","link":"https:\/\/gamesystem.com\/en\/products\/personal-protection\/","title":{"rendered":"Personal protection"},"content":{"rendered":"\n\t\t\t<h1>Titre de la section<\/h1>\t\t\t\n\t\t\t\t\t\t\t\t\t\t\t<img decoding=\"async\" src=\"https:\/\/gamesystem.com\/wp-content\/uploads\/2018\/05\/Ligne-de-vie-sur-toiture-pente-avec-un-op\u00e9rateur-s\u00e9curis\u00e9.jpg\" alt=\"travail en hauteur sur toit avec une solution de protection individuelle\">\n\t\t\t\t\t\t<h4>\n\t\t\t\t\t\tLifeline\t\t<\/h4>\n\t\t\t\t\t\t\t\t\t\t\t<img decoding=\"async\" src=\"https:\/\/gamesystem.com\/wp-content\/uploads\/2018\/05\/rail-de-s\u00e9curit\u00e9-pour-travail-en-hauteur.jpg\" alt=\"chargement de wagon\">\n\t\t\t\t\t\t<h4>\n\t\t\t\t\t\tRail\t\t<\/h4>\n\t\t\t\t\t\t\t\t\t\t\t<img decoding=\"async\" src=\"https:\/\/gamesystem.com\/wp-content\/uploads\/2018\/05\/s\u00e9curisation-dun-camion-avec-une-potence-et-un-rail.jpg\" alt=\"portique pour s\u00e9curiser les interventions sur camions et le travail en hauteur\">\n\t\t\t\t\t\t<h3>\n\t\t\t\t\t\t Gantry\t\t<\/h3>\n\t\t\t\t\t\t\t\t\t\t\t<img decoding=\"async\" src=\"https:\/\/gamesystem.com\/wp-content\/uploads\/2018\/06\/cable-de-s\u00e9curit\u00e9-pour-\u00e9voluer-en-hauteur-en-s\u00e9curit\u00e9.jpg\" alt=\"travail en hauteur avec cable\">\n\t\t\t\t\t\t<h3>\n\t\t\t\t\t\t Security cable  8\/16\t\t<\/h3>\n\t\t\t\t\t\t\t\t\t\t\t<img decoding=\"async\" src=\"https:\/\/gamesystem.com\/wp-content\/uploads\/2018\/05\/Echelle-pour-acces-en-toiture.jpg\" alt=\"echelle crinoline en alu pour acc\u00e9der en hauteur\">\n\t\t\t\t\t\t<h4>\n\t\t\t\t\t\t Ladder\t\t<\/h4>\n\t\t\t\t\t\t\t\t\t\t\t<img decoding=\"async\" src=\"https:\/\/gamesystem.com\/wp-content\/uploads\/2018\/06\/mat-dancrage-pour-travail-en-s\u00e9curit\u00e9.jpg\" alt=\"point d'ancrage sur un mat\">\n\t\t\t\t\t\t<h4>\n\t\t\t\t\t\tAnchor Mast\t\t<\/h4>\n\t\t\t\t\t\t\t\t\t\t\t<img decoding=\"async\" src=\"https:\/\/gamesystem.com\/wp-content\/uploads\/2018\/06\/Cable-de-s\u00e9curit\u00e9-avec-biroulette-frein-1.jpg\" alt=\"ligne de vie cable avec systeme de s\u00e9curit\u00e9\">\n\t\t\t\t\t\t<h3>\n\t\t\t\t\t\t Safety cable with brake\t\t<\/h3>\n\t\t\t\t\t\t\t\t\t\t\t<img decoding=\"async\" src=\"https:\/\/gamesystem.com\/wp-content\/uploads\/2018\/06\/Broche-coucou-pour-travail-en-hauteur.jpg\" alt=\"utilisation d'un systme anti chute\">\n\t\t\t\t\t\t<h3>\n\t\t\t\t\t\tBroche cou-cou\t\t<\/h3>\n\t\t\t\t\t\t\t\t\t\t\t<img decoding=\"async\" src=\"https:\/\/gamesystem.com\/wp-content\/uploads\/2018\/05\/tripode-pour-milieu-confin\u00e9.jpg\" alt=\"syst\u00e8me d\u2019\u00e9vacuation pour milieu confin\u00e9\">\n\t\t\t\t\t\t<h4>\n\t\t\t\t\t\t Tripod\t\t<\/h4>\n\t\t\t\t\t\t\t\t\t\t\t<img decoding=\"async\" src=\"https:\/\/gamesystem.com\/wp-content\/uploads\/2018\/05\/point-dancrage-pour-toiture.jpg\" alt=\"point d'ancrage pour travaux en hauteur en s\u00e9curit\u00e9\">\n\t\t\t\t\t\t<h4>\n\t\t\t\t\t\t Anchor point\t\t<\/h4>\n\t\t\t\t\t\t\t\t\t\t\t<img decoding=\"async\" src=\"https:\/\/gamesystem.com\/wp-content\/uploads\/2018\/05\/solution-pour-s\u00e9curiser-les-interventions-dans-les-espaces-confin\u00e9s.jpg\" alt=\"potence pour acc\u00e8s en s\u00e9curit\u00e9 dans espace confin\u00e9\">\n\t\t\t\t\t\t<h4>\n\t\t\t\t\t\tJib crane\t\t<\/h4>\n\t\t\t\t\t\t\t\t\t\t\t<img decoding=\"async\" src=\"https:\/\/gamesystem.com\/wp-content\/uploads\/2018\/05\/portique-sur-mesure-pour-acc\u00e8s-dans-un-espace-confin\u00e9.jpg\" alt=\"travailler dans un egoutier en s\u00e9curit\u00e9\">\n\t\t\t\t\t\t<h4>\n\t\t\t\t\t\t Gantry\t\t<\/h4>\n","protected":false},"excerpt":{"rendered":"<p>Titre de la section Lifeline Rail Gantry Security cable 8\/16 Ladder Anchor Mast Safety cable with brake Broche cou-cou Tripod Anchor point Jib crane Gantry<\/p>\n","protected":false},"author":7,"featured_media":13476,"parent":13523,"menu_order":0,"comment_status":"closed","ping_status":"open","template":"","meta":[],"_links":{"self":[{"href":"https:\/\/gamesystem.com\/en\/wp-json\/wp\/v2\/pages\/13518"}],"collection":[{"href":"https:\/\/gamesystem.com\/en\/wp-json\/wp\/v2\/pages"}],"about":[{"href":"https:\/\/gamesystem.com\/en\/wp-json\/wp\/v2\/types\/page"}],"author":[{"embeddable":true,"href":"https:\/\/gamesystem.com\/en\/wp-json\/wp\/v2\/users\/7"}],"replies":[{"embeddable":true,"href":"https:\/\/gamesystem.com\/en\/wp-json\/wp\/v2\/comments?post=13518"}],"version-history":[{"count":0,"href":"https:\/\/gamesystem.com\/en\/wp-json\/wp\/v2\/pages\/13518\/revisions"}],"up":[{"embeddable":true,"href":"https:\/\/gamesystem.com\/en\/wp-json\/wp\/v2\/pages\/13523"}],"wp:featuredmedia":[{"embeddable":true,"href":"https:\/\/gamesystem.com\/en\/wp-json\/wp\/v2\/media\/13476"}],"wp:attachment":[{"href":"https:\/\/gamesystem.com\/en\/wp-json\/wp\/v2\/media?parent=13518"}],"curies":[{"name":"wp","href":"https:\/\/api.w.org\/{rel}","templated":true}]}}