{"id":13510,"date":"2018-02-21T14:15:33","date_gmt":"2018-02-21T14:15:33","guid":{"rendered":"https:\/\/preprod.gamesystem.com\/rail-de-securite\/"},"modified":"2020-01-29T08:40:02","modified_gmt":"2020-01-29T08:40:02","slug":"rail-de-securite","status":"publish","type":"page","link":"https:\/\/gamesystem.com\/en\/products\/personal-protection\/rail-de-securite\/","title":{"rendered":"Rail"},"content":{"rendered":"\n\t<a href=\"https:\/\/gamesystem.com\/produits\/\" target=\"_self\" rel=\"noopener noreferrer\"><\/a>\n\t\t<strong> TOUS NOS PRODUITS <\/strong>\t\t\t\n\t<a href=\"https:\/\/gamesystem.com\/produits\/protection-individuelle\/\" target=\"_self\" rel=\"noopener noreferrer\"><\/a>\n\t\t<strong> PROTECTION INDIVIDUELLE <\/strong>\t\t\t\n\t\t\t<h1>Rail de s\u00e9curit\u00e9<\/h1>\t\t\t\n\t\t\t\t<p>Le rail de s\u00e9curit\u00e9 \u00ab O \u00bb est en aluminium, offrant un surface de roulement parfaite et durable dans le temps. Les rails de 6 m de long (maxi) sont rabout\u00e9s par \u00e9clissage, permettant leur dilatation. Chaque extr\u00e9mit\u00e9 de rail est munie d\u2019une but\u00e9e. Le chariot, enveloppant en partie le \u00ab O \u00bb, poss\u00e8de 4 roulements \u00e9quip\u00e9s de bandage \u00e9vitant de marquer le rail et assurant un roulement parfait. G\u00e9n\u00e9ralement, le chariot est stock\u00e9 \u00e0 une extr\u00e9mit\u00e9 et une cordelette attach\u00e9e \u00e0 l\u2019extr\u00e9mit\u00e9 du c\u00e2ble de l\u2019antichute \u00e0 enrouleur, permet, \u00e0 l\u2019intervenant, de descendre le connecteur de ce dernier pour l\u2019accrocher \u00e0 l\u2019anneau dorsal de son harnais<\/p>\n\t\t\t\t<a href=\"https:\/\/gamesystem.com\/wp-content\/uploads\/2018\/07\/Rail-de-securite.png\" target=\"_self\" itemprop=\"url\" rel=\"noopener noreferrer\">\n\t\t\t\t<img decoding=\"async\" loading=\"lazy\" src=\"https:\/\/gamesystem.com\/wp-content\/uploads\/2018\/07\/Rail-de-securite.png\" alt=\"rail de s\u00e9curit\u00e9 pour travail en huateur\" itemprop=\"image\" height=\"600\" width=\"800\" title=\"Rail-de-securite\" onerror=\"this.style.display='none'\"  \/>\n\t\t\t\t<\/a>\n\t\t\t<a href=\"https:\/\/gamesystem.com\/wp-content\/uploads\/2018\/09\/Rail-O-Alu-Gamesystem.pdf\" target=\"_blank\" rel=\"noopener noreferrer\">\n\t\t\t\t\t\t\t\tFiche produit\n\t\t\t\t\t\t\t<\/a>\n\t\t\t<a href=\"https:\/\/gamesystem.com\/wp-content\/uploads\/2018\/09\/Notice-dutilisation-Rail-O-aluminium-Gamesystem.pdf\" target=\"_blank\" rel=\"noopener noreferrer\">\n\t\t\t\t\t\t\t\tNotice d&#8217;utilisation\n\t\t\t\t\t\t\t<\/a>\n\t\t<nav>\n\t\t\t<ul>\n\t\t\t\t\t\t\t\t<li data-index=\"0\">\n\t\t\t\t\t<h2>\n\t\t\t\t\t\t<a href=\"javascript:void(0);\">Quand l&#8217;utliser ? <\/a>\n\t\t\t\t\t<\/h2>\n\t\t\t\t<\/li>\n\t\t\t\t\t\t\t\t<li data-index=\"1\">\n\t\t\t\t\t<h2>\n\t\t\t\t\t\t<a href=\"javascript:void(0);\">S\u00e9curit\u00e9<\/a>\n\t\t\t\t\t<\/h2>\n\t\t\t\t<\/li>\n\t\t\t\t\t\t\t\t<li data-index=\"2\">\n\t\t\t\t\t<h2>\n\t\t\t\t\t\t<a href=\"javascript:void(0);\">Formation<\/a>\n\t\t\t\t\t<\/h2>\n\t\t\t\t<\/li>\n\t\t\t\t\t\t\t\t<li data-index=\"3\">\n\t\t\t\t\t<h2>\n\t\t\t\t\t\t<a href=\"javascript:void(0);\">Accessoires<\/a>\n\t\t\t\t\t<\/h2>\n\t\t\t\t<\/li>\n\t\t\t\t\t\t\t<\/ul>\n\t\t<\/nav>\n\t\t\t\t\t<h2>\n\t\t\t\t\t\t\t\t\t\t\t\tQuand l&#8217;utliser ? \n\t\t\t\t\t\t\t\t\t\t\t<\/h2>\n\t\t\t\t\t<p>Lorsqu\u2019on doit intervenir de fa\u00e7on r\u00e9guli\u00e8re et fr\u00e9quente n\u00e9cessitant des d\u00e9placements horizontaux, ou \u00e0 une distance importante du dispositif d\u2019ancrage, un dispositif d\u2019ancrage tel que le rail de s\u00e9curit\u00e9 \u00ab O \u00bb est \u00e0 retenir dans la mesure o\u00f9, vu la fr\u00e9quence, on privil\u00e9giera le roulement du chariot pour minimiser les contraintes du ou des intervenants Il est aussi a privil\u00e9gier lorsque la distance de chute disponible est faible. S\u2019agissant d\u2019un syst\u00e8me rigide, il ne subit pas la flexion que peut avoir un syst\u00e8me flexible \u00e0 c\u00e2ble, augmentant d\u2019autant la distance d\u2019arr\u00eat. L\u2019utilisateur connecte son antichute \u00e0 coulisseau ou enrouleur au chariot du rail de s\u00e9curit\u00e9 \u00ab O \u00bb, apr\u00e8s avoir contr\u00f4l\u00e9 la qualit\u00e9 de l\u2019installation et v\u00e9rifi\u00e9 que de les contr\u00f4les annuels aient \u00e9t\u00e9 r\u00e9alis\u00e9s.<\/p>\n\t\t\t\t\t<h2>\n\t\t\t\t\t\t\t\t\t\t\t\tS\u00e9curit\u00e9\n\t\t\t\t\t\t\t\t\t\t\t<\/h2>\n\t\t\t\t\t<p>Le plus commun\u00e9ment, il est utilis\u00e9 avec un enrouleur \u00e0 rappel automatique. Celui-ci suit les mouvements de l\u2019op\u00e9rateur, tout en gardant un tension la liaison en sangle ou en c\u00e2ble. D\u00e8s la chute l\u2019\u00e9quipement se bloque.<\/p>\n\t\t\t\t\t<h2>\n\t\t\t\t\t\t\t\t\t\t\t\tFormation\n\t\t\t\t\t\t\t\t\t\t\t<\/h2>\n\t\t\t\t\t<p>Module \u00ab port du harnais \u00bb, \u00abtravail sur machine\u00bb.<\/p>\n\t\t\t\t\t<h2>\n\t\t\t\t\t\t\t\t\t\t\t\tAccessoires\n\t\t\t\t\t\t\t\t\t\t\t<\/h2>\n\t\t\t\t\t<p><strong>Pour la pr\u00e9hension du corps de l\u2019utilisateur :<\/strong> un harnais GH1 ou GH3.<\/p>\n<p><strong>Pour la liaison antichute :<\/strong> un enrouleur \u00e0 rappel automatique \u00e0 sangle ou c\u00e2ble.<\/p>\n<p>\u00a0<\/p>\n\t\t\t\t\t<!-- \/content -->\n\t<!-- \/tabs -->\n\t\t\t<h2>Mise en situation du Rail de s\u00e9curit\u00e9<\/h2>\t\t\t\n\t\t\t\t<a\n\t\t\thref=\"https:\/\/gamesystem.com\/wp-content\/uploads\/2020\/01\/s\u00e9curiser-un-pont-roulant-pour-op\u00e9ration-de-maintenance.jpg\"\n\t\t\t\t\t\trel=\"nofollow\" data-fancybox=\"images\" \n\t\t\ttitle=\"s\u00e9curiser un pont roulant pour op\u00e9ration de maintenance\" \n\t\t\t\t\t\tdata-caption=\"Rail de s\u00e9curit\u00e9 sous pont roulant\"\n\t\t\t\t\t\tdata-description=\"\" \n\t\t\titemprop=\"contentUrl\"\n\t\t>\n\t\t<img decoding=\"async\" src=\"https:\/\/gamesystem.com\/wp-content\/uploads\/2020\/01\/s\u00e9curiser-un-pont-roulant-pour-op\u00e9ration-de-maintenance.jpg\" alt=\"\" data-no-lazy=\"1\" itemprop=\"thumbnail\" \/>\n\t\t\t<!-- Overlay Wrapper -->\n\t\t\t <!-- Overlay Wrapper Closed -->\n\t\t\t\t<\/a>\n\t\t\t\t\t\t\t<meta itemprop=\"width\" content=\"800\" \/>\n\t\t\t<meta itemprop=\"height\" content=\"600\" \/>\n\t\tRail de s\u00e9curit\u00e9 sous pont roulant\n\t\t\t\t<a\n\t\t\thref=\"https:\/\/gamesystem.com\/wp-content\/uploads\/2020\/01\/rail-sous-pont-roulant.jpg\"\n\t\t\t\t\t\trel=\"nofollow\" data-fancybox=\"images\" \n\t\t\ttitle=\"rail-sous-pont-roulant\" \n\t\t\t\t\t\tdata-caption=\"Rail de s\u00e9curit\u00e9 sous pont roulant\"\n\t\t\t\t\t\tdata-description=\"\" \n\t\t\titemprop=\"contentUrl\"\n\t\t>\n\t\t<img decoding=\"async\" src=\"https:\/\/gamesystem.com\/wp-content\/uploads\/2020\/01\/rail-sous-pont-roulant.jpg\" alt=\"rail pont roulant en hauteur\" data-no-lazy=\"1\" itemprop=\"thumbnail\" \/>\n\t\t\t<!-- Overlay Wrapper -->\n\t\t\t <!-- Overlay Wrapper Closed -->\n\t\t\t\t<\/a>\n\t\t\t\t\t\t\t<meta itemprop=\"width\" content=\"800\" \/>\n\t\t\t<meta itemprop=\"height\" content=\"600\" \/>\n\t\tRail de s\u00e9curit\u00e9 sous pont roulant\n\t\t\t\t<a\n\t\t\thref=\"https:\/\/gamesystem.com\/wp-content\/uploads\/2020\/01\/rail-de-s\u00e9curit\u00e9-et-\u00e9chelle.jpg\"\n\t\t\t\t\t\trel=\"nofollow\" data-fancybox=\"images\" \n\t\t\ttitle=\"rail-de-s\u00e9curit\u00e9-et-\u00e9chelle\" \n\t\t\t\t\t\tdata-caption=\"Rail anti chute avec \u00e9chelle\"\n\t\t\t\t\t\tdata-description=\"\" \n\t\t\titemprop=\"contentUrl\"\n\t\t>\n\t\t<img decoding=\"async\" src=\"https:\/\/gamesystem.com\/wp-content\/uploads\/2020\/01\/rail-de-s\u00e9curit\u00e9-et-\u00e9chelle.jpg\" alt=\"\u00e9chelle et rail de s\u00e9cruit\u00e9\" data-no-lazy=\"1\" itemprop=\"thumbnail\" \/>\n\t\t\t<!-- Overlay Wrapper -->\n\t\t\t <!-- Overlay Wrapper Closed -->\n\t\t\t\t<\/a>\n\t\t\t\t\t\t\t<meta itemprop=\"width\" content=\"800\" \/>\n\t\t\t<meta itemprop=\"height\" content=\"600\" \/>\n\t\tRail anti chute avec \u00e9chelle\n\t\t\t\t<a\n\t\t\thref=\"https:\/\/gamesystem.com\/wp-content\/uploads\/2020\/01\/Rail-sous-structure.jpg\"\n\t\t\t\t\t\trel=\"nofollow\" data-fancybox=\"images\" \n\t\t\ttitle=\"Rail sous structure\" \n\t\t\t\t\t\tdata-caption=\"Rail pour d\u00e9chargement wagon\"\n\t\t\t\t\t\tdata-description=\"\" \n\t\t\titemprop=\"contentUrl\"\n\t\t>\n\t\t<img decoding=\"async\" src=\"https:\/\/gamesystem.com\/wp-content\/uploads\/2020\/01\/Rail-sous-structure.jpg\" alt=\"rail sur camion\" data-no-lazy=\"1\" itemprop=\"thumbnail\" \/>\n\t\t\t<!-- Overlay Wrapper -->\n\t\t\t <!-- Overlay Wrapper Closed -->\n\t\t\t\t<\/a>\n\t\t\t\t\t\t\t<meta itemprop=\"width\" content=\"800\" \/>\n\t\t\t<meta itemprop=\"height\" content=\"600\" \/>\n\t\tRail pour d\u00e9chargement wagon\n\t\t\t\t<a\n\t\t\thref=\"https:\/\/gamesystem.com\/wp-content\/uploads\/2020\/01\/rail-de-s\u00e9curit\u00e9-sur-pont-roulant.jpg\"\n\t\t\t\t\t\trel=\"nofollow\" data-fancybox=\"images\" \n\t\t\ttitle=\"rail de s\u00e9curit\u00e9 sur pont roulant\" \n\t\t\t\t\t\tdata-caption=\"Rail sous pont roulant\"\n\t\t\t\t\t\tdata-description=\"\" \n\t\t\titemprop=\"contentUrl\"\n\t\t>\n\t\t<img decoding=\"async\" src=\"https:\/\/gamesystem.com\/wp-content\/uploads\/2020\/01\/rail-de-s\u00e9curit\u00e9-sur-pont-roulant.jpg\" alt=\"rail sous le pont roulant\" data-no-lazy=\"1\" itemprop=\"thumbnail\" \/>\n\t\t\t<!-- Overlay Wrapper -->\n\t\t\t <!-- Overlay Wrapper Closed -->\n\t\t\t\t<\/a>\n\t\t\t\t\t\t\t<meta itemprop=\"width\" content=\"800\" \/>\n\t\t\t<meta itemprop=\"height\" content=\"600\" \/>\n\t\tRail sous pont roulant\n\t\t\t\t<a\n\t\t\thref=\"https:\/\/gamesystem.com\/wp-content\/uploads\/2020\/01\/rail.jpg\"\n\t\t\t\t\t\trel=\"nofollow\" data-fancybox=\"images\" \n\t\t\ttitle=\"rail\" \n\t\t\t\t\t\tdata-caption=\"Chariot rail ligne de vie\"\n\t\t\t\t\t\tdata-description=\"\" \n\t\t\titemprop=\"contentUrl\"\n\t\t>\n\t\t<img decoding=\"async\" src=\"https:\/\/gamesystem.com\/wp-content\/uploads\/2020\/01\/rail.jpg\" alt=\"chariot de rail gamesystem\" data-no-lazy=\"1\" itemprop=\"thumbnail\" \/>\n\t\t\t<!-- Overlay Wrapper -->\n\t\t\t <!-- Overlay Wrapper Closed -->\n\t\t\t\t<\/a>\n\t\t\t\t\t\t\t<meta itemprop=\"width\" content=\"800\" \/>\n\t\t\t<meta itemprop=\"height\" content=\"600\" \/>\n\t\tChariot rail ligne de vie\n\t\t\t\t<a\n\t\t\thref=\"https:\/\/gamesystem.com\/wp-content\/uploads\/2020\/01\/chariot-rail-o.jpg\"\n\t\t\t\t\t\trel=\"nofollow\" data-fancybox=\"images\" \n\t\t\ttitle=\"chariot rail o\" \n\t\t\t\t\t\tdata-caption=\"Chariot rail de s\u00e9curit\u00e9\"\n\t\t\t\t\t\tdata-description=\"\" \n\t\t\titemprop=\"contentUrl\"\n\t\t>\n\t\t<img decoding=\"async\" src=\"https:\/\/gamesystem.com\/wp-content\/uploads\/2020\/01\/chariot-rail-o.jpg\" alt=\"chariot de rail\" data-no-lazy=\"1\" itemprop=\"thumbnail\" \/>\n\t\t\t<!-- Overlay Wrapper -->\n\t\t\t <!-- Overlay Wrapper Closed -->\n\t\t\t\t<\/a>\n\t\t\t\t\t\t\t<meta itemprop=\"width\" content=\"800\" \/>\n\t\t\t<meta itemprop=\"height\" content=\"600\" \/>\n\t\tChariot rail de s\u00e9curit\u00e9\n\t\t\t\t<a\n\t\t\thref=\"https:\/\/gamesystem.com\/wp-content\/uploads\/2020\/01\/rai-de-s\u00e9curit\u00e9.jpg\"\n\t\t\t\t\t\trel=\"nofollow\" data-fancybox=\"images\" \n\t\t\ttitle=\"rai-de-s\u00e9curit\u00e9\" \n\t\t\t\t\t\tdata-caption=\"Rail de s\u00e9curit\u00e9 sur transstockeur\"\n\t\t\t\t\t\tdata-description=\"\" \n\t\t\titemprop=\"contentUrl\"\n\t\t>\n\t\t<img decoding=\"async\" src=\"https:\/\/gamesystem.com\/wp-content\/uploads\/2020\/01\/rai-de-s\u00e9curit\u00e9.jpg\" alt=\"rail transstockeur\" data-no-lazy=\"1\" itemprop=\"thumbnail\" \/>\n\t\t\t<!-- Overlay Wrapper -->\n\t\t\t <!-- Overlay Wrapper Closed -->\n\t\t\t\t<\/a>\n\t\t\t\t\t\t\t<meta itemprop=\"width\" content=\"800\" \/>\n\t\t\t<meta itemprop=\"height\" content=\"600\" \/>\n\t\tRail de s\u00e9curit\u00e9 sur transstockeur\n\t","protected":false},"excerpt":{"rendered":"<p>TOUS NOS PRODUITS PROTECTION INDIVIDUELLE Rail de s\u00e9curit\u00e9 Le rail de s\u00e9curit\u00e9 \u00ab O \u00bb est en aluminium, offrant un surface de roulement parfaite et durable dans le temps. Les&hellip;<\/p>\n","protected":false},"author":7,"featured_media":13512,"parent":13518,"menu_order":0,"comment_status":"closed","ping_status":"open","template":"","meta":[],"_links":{"self":[{"href":"https:\/\/gamesystem.com\/en\/wp-json\/wp\/v2\/pages\/13510"}],"collection":[{"href":"https:\/\/gamesystem.com\/en\/wp-json\/wp\/v2\/pages"}],"about":[{"href":"https:\/\/gamesystem.com\/en\/wp-json\/wp\/v2\/types\/page"}],"author":[{"embeddable":true,"href":"https:\/\/gamesystem.com\/en\/wp-json\/wp\/v2\/users\/7"}],"replies":[{"embeddable":true,"href":"https:\/\/gamesystem.com\/en\/wp-json\/wp\/v2\/comments?post=13510"}],"version-history":[{"count":0,"href":"https:\/\/gamesystem.com\/en\/wp-json\/wp\/v2\/pages\/13510\/revisions"}],"up":[{"embeddable":true,"href":"https:\/\/gamesystem.com\/en\/wp-json\/wp\/v2\/pages\/13518"}],"wp:featuredmedia":[{"embeddable":true,"href":"https:\/\/gamesystem.com\/en\/wp-json\/wp\/v2\/media\/13512"}],"wp:attachment":[{"href":"https:\/\/gamesystem.com\/en\/wp-json\/wp\/v2\/media?parent=13510"}],"curies":[{"name":"wp","href":"https:\/\/api.w.org\/{rel}","templated":true}]}}