{"id":13440,"date":"2018-01-18T09:23:51","date_gmt":"2018-01-18T09:23:51","guid":{"rendered":"https:\/\/preprod.gamesystem.com\/audit-accompagnement-travaux-en-hauteur\/"},"modified":"2020-12-16T16:28:26","modified_gmt":"2020-12-16T15:28:26","slug":"audit-working-at-height-safety","status":"publish","type":"page","link":"https:\/\/gamesystem.com\/en\/audit-working-at-height-safety\/","title":{"rendered":"Audit working at height safety"},"content":{"rendered":"\n\n\t\t\t<h1>AUDIT TRAVAIL EN HAUTEUR<\/h1>\t\t\t\n\t\t\t\t<p>Gamesystem, expert in working at height, assists you in your prevention approach by identifying areas with risks of falling. A consultant comes to study every area of your site in order to define a specifications identifying the problems and possible solutions.<\/p>\n\t\t\t<h2>D\u00e9finition de l&#8217;Audit<\/h2>\n\t\t\t\t<p><strong>L&#8217;audit \u00ab travail en hauteur \u00bb est\u00a0l&#8217;examen professionnel\u00a0qui consiste en\u00a0une expertise par une personne comp\u00e9tente et impartiale\u00a0aboutissant \u00e0 un\u00a0diagnostic\u00a0relatif \u00e0 sa mission<\/strong>. Fort de nos ann\u00e9es d&#8217;exp\u00e9rience dans l&#8217;installation de dispositifs de s\u00e9curit\u00e9 antichute, nous mettons nos comp\u00e9tences \u00e0 disposition pour tout type d&#8217;entreprise et tout secteur \u00e9conomique. Dans une logique de continuit\u00e9, nous dispensons des formations adapt\u00e9es \u00e0 l&#8217;environnement de nos clients. Ainsi, nous connaissons parfaitement leurs habitudes de travail.<\/p>\n\t\t\t\n\t\t\t\t<a href=\"\" target=\"_blank\" rel=\"noopener\" role=\"button\">\n\t\t\t\t\t\t\tFiche \u00ab Audit \u00bb\n\t\t<\/a>\n\t\t\t\n\t\t<h2>The final document<\/h2>\t\t\t\n\t\t\t\t<p>&#8211;\u00a0r\u00e9pertorie, photos \u00e0 l&#8217;appui, les <strong>situations \u00e0 risque d\u00e9tect\u00e9es<\/strong>,<br \/>&#8211;\u00a0regroupe\u00a0les <strong>\u00ab familles de risques \u00bb<\/strong>,<br \/>&#8211;\u00a0\u00e9tablit\u00a0une <strong>liste de pr\u00e9conisations<\/strong>, \u00e9tay\u00e9es l\u00e9gislativement, normativement et techniquement,<br \/>&#8211;\u00a0classe\u00a0ces pr\u00e9conisations d&#8217;apr\u00e8s un <strong>guide des priorit\u00e9s<\/strong>, utilisant les crit\u00e8res de \u00abpopulation, fr\u00e9quence, dur\u00e9e\u00bb.<\/p>\n\t\t<h2>Deux types d&#8217;Audit<\/h2>\t\t\t\n\t\t\t\t<p><strong>L&#8217;audit sp\u00e9cifique,\u00a0<\/strong>cibl\u00e9 sur un probl\u00e8me : <br \/>une entreprise a plusieurs b\u00e2timents et <br \/>veut s\u00e9curiser ses toitures, une machine particuli\u00e8re, une zone de d\u00e9chargement&#8230;<\/p>\n<p><strong>L&#8217;audit g\u00e9n\u00e9ral\u00a0<\/strong>d&#8217;un site industriel alliant toitures, pont-roulants, machines, chargement de camions, etc.<\/p>\n<p>O\u00f9 sont les risques ? Que faire ? Comment prendre les bonnes d\u00e9cisions ?<\/p>\n\t\t\tDIAGNOSTIC IND\u00c9PENDANT ET IMPARTIAL :<br \/>VOTRE TRANQUILIT\u00c9\t\t\t\n\t\t\t<h1>ACCOMPAGNEMENT<\/h1>\t\t\t\n\t\t\t\t<p>Face aux risques de chute de hauteur, vous recherchez une expertise afin d&#8217;\u00e9tablir une politique s\u00e9curitaire relative au travail en hauteur ?\u00a0<\/p>\n\t\t<h2>Une probl\u00e9matique li\u00e9 au travail en hauteur ?<\/h2>\t\t\t\n\t\t\t\t<p>Votre entreprise peut \u00eatre\u00a0<strong>confront\u00e9e \u00e0 une ou plusieurs interrogations<\/strong>\u00a0li\u00e9es au travail en hauteur. Dans cette situation, vous pouvez vous trouver face \u00e0 une\u00a0<strong>multitude de questions<\/strong>, qui ne font pas partie de votre quotidien :<\/p>\n<p>&#8211; Quelles sont les lois qui r\u00e9gissent ce point ?<br \/>&#8211; A quelles normes doivent r\u00e9pondre les produits ?<br \/>&#8211; Comment analyser les risques ?<br \/>&#8211; Comment trouver des solutions ?<\/p>\n<p>Les r\u00e9ponses n\u00e9cessitent du savoir, du temps et des comp\u00e9tences.<\/p>\n\n\t\t\t\n\t\t\t\t<a href=\"\" target=\"_blank\" rel=\"noopener\" role=\"button\">\n\t\t\t\t\t\t\tFiche \u00ab Accompagnement \u00bb\n\t\t<\/a>\n\t\t\t\n\t\t<h2>Comment Gamesystem vous accompagne ?<\/h2>\t\t\t\n\t\t\t\t<p>1. Nous vous\u00a0accompagnons dans la <strong>d\u00e9finition et la r\u00e9daction des proc\u00e9dures<\/strong>, ainsi que des <strong>modes op\u00e9ratoires d\u00e9taill\u00e9s et <\/strong>des<strong> plans de pr\u00e9vention<\/strong>.<\/p>\n<p>2. Nous\u00a0r\u00e9fl\u00e9chissons\u00a0avec vous \u00e0 la\u00a0<strong>mise en place d&#8217;indicateurs<\/strong>\u00a0comme ceux, entre autres, de la<strong> formation des salari\u00e9s internes et externes<\/strong> ou du <strong>contr\u00f4le p\u00e9riodique des dispositifs d&#8217;ancrage et des EPI anti chute<\/strong>.<\/p>\n<p>3. Dans le cadre\u00a0d&#8217;interventions par des entreprises ext\u00e9rieures, nous vous guidons sur les<strong> questions \u00e0 poser<\/strong> et les<strong> documents \u00e0 exiger<\/strong>\u00a0avant leurs prestations.<\/p>\n<p>4. Nous mettons \u00e0 votre disposition la comp\u00e9tence et l&#8217;expertise de nos collaborateurs acquises par plus de 35 ans d&#8217;exercice :<br \/>&#8211; nous <strong>installons des dispositifs de s\u00e9curit\u00e9 antichute<\/strong> au coeur m\u00eame d&#8217;entreprises de toute taille et de tout secteur,<br \/>&#8211; nous assurons, depuis 1988, des <strong>formations travaux en hauteur<\/strong> adapt\u00e9es \u00e0 l&#8217;environnement de nos clients,<br \/>&#8211; nos connaissances et nos <strong>veilles l\u00e9gislatives et normatives<\/strong> font partie de nos atouts,<br \/>&#8211; nous vous offrons une <strong>vision externe et objective<\/strong>.<\/p>\n\n","protected":false},"excerpt":{"rendered":"<p>AUDIT TRAVAIL EN HAUTEUR Gamesystem, expert in working at height, assists you in your prevention approach by identifying areas with risks of falling. A consultant comes to study every area&hellip;<\/p>\n","protected":false},"author":7,"featured_media":0,"parent":0,"menu_order":0,"comment_status":"closed","ping_status":"open","template":"","meta":[],"_links":{"self":[{"href":"https:\/\/gamesystem.com\/en\/wp-json\/wp\/v2\/pages\/13440"}],"collection":[{"href":"https:\/\/gamesystem.com\/en\/wp-json\/wp\/v2\/pages"}],"about":[{"href":"https:\/\/gamesystem.com\/en\/wp-json\/wp\/v2\/types\/page"}],"author":[{"embeddable":true,"href":"https:\/\/gamesystem.com\/en\/wp-json\/wp\/v2\/users\/7"}],"replies":[{"embeddable":true,"href":"https:\/\/gamesystem.com\/en\/wp-json\/wp\/v2\/comments?post=13440"}],"version-history":[{"count":0,"href":"https:\/\/gamesystem.com\/en\/wp-json\/wp\/v2\/pages\/13440\/revisions"}],"wp:attachment":[{"href":"https:\/\/gamesystem.com\/en\/wp-json\/wp\/v2\/media?parent=13440"}],"curies":[{"name":"wp","href":"https:\/\/api.w.org\/{rel}","templated":true}]}}