{"id":13384,"date":"2018-01-12T10:39:41","date_gmt":"2018-01-12T10:39:41","guid":{"rendered":"https:\/\/preprod.gamesystem.com\/accueil\/"},"modified":"2021-01-05T13:47:13","modified_gmt":"2021-01-05T12:47:13","slug":"accueil","status":"publish","type":"page","link":"https:\/\/gamesystem.com\/en\/","title":{"rendered":"Homepage"},"content":{"rendered":"\n\n\t\t\t<h1><strong> Gamesystem, <\/strong> expert in the field of working at height safety<\/h1>\t\t\t\n\t\t\t<p>Choose life and transform your risk of falls from height into non-events !<\/p>\t\t\t\n\t\t\t\t<p>True specialist in the prevention of falls from height, Gamesystem designs and manufactures standard and customised engineering solutions: anchor points, lifelines, fall protection systems, cage ladders, guardrails, etc. to ensure the maximum safety of operators working at height.<\/p>\n<p>Since 1978, Gamesystem is the only company in the working at height safety market that is both a manufacturer and independent installer but also a training centre (formerly Gamestream).<\/p>\n<p>This unique experience in the field of working at height enables Gamesystem to provide the best possible solutions to the issues and problems faced by its customers:<\/p>\n\n\t\t\t\t\t\t\t<a href=\"https:\/\/gamesystem.com\/audit-accompagnement\/\" target=\"_self\" rel=\"noopener\">\n\t\t\t\t\t\t\t\t\t\t<h3>AUDIT <\/h3>\n\t\t\t\t\t\t\t\t\t<\/a>\n\t\t\t\t\t\t\t<a href=\"https:\/\/gamesystem.com\/ingenierie\/\" target=\"_self\" rel=\"noopener\">\n\t\t\t\t\t\t\t\t\t\t<h3>ENGINEERING<\/h3>\n\t\t\t\t\t\t\t\t\t<\/a>\n\t\t\t\t\t\t\t<a href=\"https:\/\/gamesystem.com\/fabrication-montage\/\" target=\"_self\" rel=\"noopener\">\n\t\t\t\t\t\t\t\t\t\t<h3>MANUFACTURING<\/h3>\n\t\t\t\t\t\t\t\t\t<\/a>\n\t\t\t\t\t\t\t<a href=\"https:\/\/gamesystem.com\/fabrication-montage\/\" target=\"_self\" rel=\"noopener\">\n\t\t\t\t\t\t\t\t\t\t<h3>MOUNTING<\/h3>\n\t\t\t\t\t\t\t\t\t<\/a>\n\t\t\t\t\t\t\t<a href=\"https:\/\/gamesystem.com\/controle-maintenance\/\" target=\"_self\" rel=\"noopener\">\n\t\t\t\t\t\t\t\t\t\t<h3>CONTROL &#038; MAINTENANCE<\/h3>\n\t\t\t\t\t\t\t\t\t<\/a>\n\t\t\t\t\t\t\t<a href=\"https:\/\/gamesystem.com\/service-formation\/\" target=\"_self\" rel=\"noopener\">\n\t\t\t\t\t\t\t\t\t\t<h3>TRAINING<\/h3>\n\t\t\t\t\t\t\t\t\t<\/a>\n\t\t\t<h2><b>Standard and customised solutions<\/b> <br \/>for working at height safety<\/h2>\t\t\t\n\t\t\t<h3>Collective protection<\/h3>\n\t\t\t\t<p>Guardrail, Cage ladder, Crossover, Platform, Walkway, &#8230;<\/p>\n\t\t\t\t\t\t\t\t\t\t\t<img decoding=\"async\" src=\"https:\/\/gamesystem.com\/wp-content\/uploads\/2018\/05\/Garde-corp-amovible-pour-exterieur-et-toit-terasse.jpg\" alt=\"garde corps exterieur toiture terrasse\"\/>\n\t\t\t\t\t\t<h4>\n\t\t\t\t\t\tGuardrail  \t\t<\/h4>\n\t\t\t\t\t\t\t\t\t\t\t<img decoding=\"async\" src=\"https:\/\/gamesystem.com\/wp-content\/uploads\/2018\/05\/Echelle-a-crinoline-pour-acc\u00e8der-sur-une-toiture-en-s\u00e9curit\u00e9.jpg\" alt=\"echelle a crinoline permettant d&#039;\u00e9voluer en s\u00e9curit\u00e9 en hauteur\"\/>\n\t\t\t\t\t\t<h4>\n\t\t\t\t\t\tCage ladder\t\t<\/h4>\n\t\t\t\t\t\t\t\t\t\t\t<img decoding=\"async\" src=\"https:\/\/gamesystem.com\/wp-content\/uploads\/2018\/09\/Passerelle-pour-s\u00e9curiser-les-acc\u00e8s.jpg\" alt=\"Passerelle permettant de s\u00e9curis\u00e9 le travail en hauteur\"\/>\n\t\t\t\t\t\t<h4>\n\t\t\t\t\t\tTravelling gantry\t\t<\/h4>\n\t\t\t\t\t\t\t\t\t\t\t<img decoding=\"async\" src=\"https:\/\/gamesystem.com\/wp-content\/uploads\/2018\/05\/Saut-de-loup-sur-toiture-plate.jpg\" alt=\"solution antichute pour acc\u00e8s en s\u00e9curit\u00e9 sur toit et travailler en hauteur\"\/>\n\t\t\t\t\t\t<h4>\n\t\t\t\t\t\tCrossover\t\t<\/h4>\n\t\t\t\n\t\t\t\t<a href=\"https:\/\/gamesystem.com\/en\/products\/collective-protection\/\" target=\"_blank\" rel=\"noopener\" role=\"button\">\n\t\t\t\t\t\t\tOur products\n\t\t<\/a>\n\t\t\t\n\t\t\t<h3>Personal protection<\/h3>\n\t\t\t\t<p><strong>Anchor devices:<\/strong> Cable or rail lifeline, Anchor point, Rail, Gantry, Tripod.<\/p>\n<p><strong>Fall protection connection elements:<\/strong> Single or double lanyard, Shock absorber, Automatic fall arrester, Guided fall arrestor, Connectors, Modulator, Telescopic pole, Papillon System, Anchor strap.<\/p>\n<p><strong>Body harness:<\/strong> Full-body harness, Safety harness.<\/p>\n\t\t\t\t\t\t\t\t\t\t\t<img decoding=\"async\" src=\"https:\/\/gamesystem.com\/wp-content\/uploads\/2018\/05\/Ligne-de-vie-sur-toiture-pente-avec-un-op\u00e9rateur-s\u00e9curis\u00e9.jpg\" alt=\"travail en hauteur sur toit avec une solution de protection individuelle\"\/>\n\t\t\t\t\t\t<h4>\n\t\t\t\t\t\tLifeline\t\t<\/h4>\n\t\t\t\t\t\t\t\t\t\t\t<img decoding=\"async\" src=\"https:\/\/gamesystem.com\/wp-content\/uploads\/2018\/05\/s\u00e9curisation-dun-camion-avec-une-potence-et-un-rail.jpg\" alt=\"portique pour s\u00e9curiser les interventions sur camions et le travail en hauteur\"\/>\n\t\t\t\t\t\t<h4>\n\t\t\t\t\t\tGantry\t\t<\/h4>\n\t\t\t\t\t\t\t\t\t\t\t<img decoding=\"async\" src=\"https:\/\/gamesystem.com\/wp-content\/uploads\/2018\/05\/Echelle-pour-acces-en-toiture.jpg\" alt=\"echelle crinoline en alu pour acc\u00e9der en hauteur\"\/>\n\t\t\t\t\t\t<h4>\n\t\t\t\t\t\t Ladder\t\t<\/h4>\n\t\t\t\t\t\t\t\t\t\t\t<img decoding=\"async\" src=\"https:\/\/gamesystem.com\/wp-content\/uploads\/2018\/05\/rail-de-s\u00e9curit\u00e9-pour-travail-en-hauteur.jpg\" alt=\"chargement de wagon\"\/>\n\t\t\t\t\t\t<h4>\n\t\t\t\t\t\tRail\t\t<\/h4>\n\t\t\t\n\t\t\t\t<a href=\"https:\/\/gamesystem.com\/en\/products\/personal-protection\/\" target=\"_blank\" rel=\"noopener\" role=\"button\">\n\t\t\t\t\t\t\tOur products\n\t\t<\/a>\n\t\t\t\n\t\t\t<p>4 reasons to choose us<\/p>\t\t\t\n\t\t\t\t<img decoding=\"async\" src=\"https:\/\/gamesystem.com\/wp-content\/uploads\/2018\/01\/ruban180px.png\" alt=\"expert travail en hauteur\" title=\"travaux en hauteur gamesystem\" itemprop=\"image\"\/>\n\t\t<h3>Unique experience<\/h3>\t\t\t\n\t\t\t\t<p>\u00a0Expertise in the field of work at height since 1978.<\/p>\n\t<a href=\"https:\/\/gamesystem.com\/fabrication-montage\/\" target=\"_self\" rel=\"noopener\"><\/a> \n\t\t\t\t<img decoding=\"async\" src=\"https:\/\/gamesystem.com\/wp-content\/uploads\/2018\/01\/france180px.png\" alt=\"solution travail en hauteur made in france\" title=\"ligne de vie made in france\" itemprop=\"image\"\/>\n\t\t<h3>\u00ab Made in France \u00bb<\/h3>\t\t\t\n\t\t\t\t<p>Combine reliability and quality for safe solutions.<\/p>\n\t<a href=\"https:\/\/gamesystem.com\/ingenierie\/\" target=\"_self\" rel=\"noopener\"><\/a> \n\t\t\t\t<img decoding=\"async\" src=\"https:\/\/gamesystem.com\/wp-content\/uploads\/2018\/01\/metre180px.png\" alt=\"travail en hauteur sur mesure\" title=\"ligne de vie sur mesure\" itemprop=\"image\"\/>\n\t\t<h3>A customised offer<\/h3>\t\t\t\n\t\t\t\t<p>Design solutions specific to your buildings.<\/p>\n\t\t\t\t<img decoding=\"async\" src=\"https:\/\/gamesystem.com\/wp-content\/uploads\/2018\/01\/podium180px.png\" alt=\"podium180px\" title=\"podium180px\" itemprop=\"image\"\/>\n\t\t<h3>A to Z control<\/h3>\t\t\t\n\t\t\t\t<p>\u00a0Design, Manufacture, Installation, Training, Maintenance.<\/p>\n\t\t\t<h2><strong> Our achievements <\/strong>&#8211; Working at height safety<\/h2>\t\t\t\n\t\t\t\t<a\n\t\t\thref=\"https:\/\/gamesystem.com\/wp-content\/uploads\/2018\/05\/S\u00e9curisation-de-la-gare-du-nord-avec-du-garde-corps-gamesystem-et-\u00e9chelle-\u00e0-crinoline.jpg\"\n\t\t\t\t\t\tdata-fancybox=\"images\" \n\t\t\ttitle=\"S\u00e9curisation de la gare du nord avec du garde corps gamesystem et \u00e9chelle \u00e0 crinoline\" \n\t\t\t\t\t\tdata-caption=\"Garde corps - Gare du Nord\"\n\t\t\t\t\t\tdata-description=\"garde corps sur toiture pente pour faciliter le d\u00e9placement du personnel \" \n\t\t\titemprop=\"contentUrl\">\n\t\t<img decoding=\"async\" src=\"https:\/\/gamesystem.com\/wp-content\/uploads\/2018\/05\/S\u00e9curisation-de-la-gare-du-nord-avec-du-garde-corps-gamesystem-et-\u00e9chelle-\u00e0-crinoline.jpg\" alt=\"installation de garde corp sur le toit de la gare du nord \u00e0 paris pour travail en hauteur en s\u00e9curit\u00e9\" data-no-lazy=\"1\" itemprop=\"thumbnail\" \/>\n\t\t\t<!-- Overlay Wrapper -->\n\t\t\t <!-- Overlay Wrapper Closed -->\n\t\t\t\t<\/a>\n\t\t\t\t\t\t\t<meta itemprop=\"width\" content=\"800\" \/>\n\t\t\t<meta itemprop=\"height\" content=\"600\" \/>\n\t\t\t\t<a\n\t\t\thref=\"https:\/\/gamesystem.com\/wp-content\/uploads\/2018\/05\/Echelle-a-crinoline-sur-cuve.png\"\n\t\t\t\t\t\tdata-fancybox=\"images\" \n\t\t\ttitle=\"Echelle-a-crinoline-sur-cuve\" \n\t\t\t\t\t\tdata-caption=\"Echelle \u00e0 crinoline sur cuve\"\n\t\t\t\t\t\tdata-description=\"echelle a crinoline pour acc\u00e8s en hauteur sur citerne\" \n\t\t\titemprop=\"contentUrl\">\n\t\t<img decoding=\"async\" src=\"https:\/\/gamesystem.com\/wp-content\/uploads\/2018\/05\/Echelle-a-crinoline-sur-cuve.png\" alt=\"echelle crinoline pour acc\u00e8s en hauteur\" data-no-lazy=\"1\" itemprop=\"thumbnail\" \/>\n\t\t\t<!-- Overlay Wrapper -->\n\t\t\t <!-- Overlay Wrapper Closed -->\n\t\t\t\t<\/a>\n\t\t\t\t\t\t\t<meta itemprop=\"width\" content=\"800\" \/>\n\t\t\t<meta itemprop=\"height\" content=\"600\" \/>\n\t\t\t\t<a\n\t\t\thref=\"https:\/\/gamesystem.com\/wp-content\/uploads\/2018\/05\/Garde-corps-alu-pour-toiture-terrasse.jpg\"\n\t\t\t\t\t\tdata-fancybox=\"images\" \n\t\t\ttitle=\"Garde corps alu pour toiture terrasse\" \n\t\t\t\t\t\tdata-caption=\"Garde corps sur toit d'un b\u00e2timent\"\n\t\t\t\t\t\tdata-description=\"installation de garde corps \" \n\t\t\titemprop=\"contentUrl\">\n\t\t<img decoding=\"async\" src=\"https:\/\/gamesystem.com\/wp-content\/uploads\/2018\/05\/Garde-corps-alu-pour-toiture-terrasse.jpg\" alt=\"garde corps et rembarde en aluminium pour travailler en hauteur\" data-no-lazy=\"1\" itemprop=\"thumbnail\" \/>\n\t\t\t<!-- Overlay Wrapper -->\n\t\t\t <!-- Overlay Wrapper Closed -->\n\t\t\t\t<\/a>\n\t\t\t\t\t\t\t<meta itemprop=\"width\" content=\"800\" \/>\n\t\t\t<meta itemprop=\"height\" content=\"600\" \/>\n\t\t\t\t<a\n\t\t\thref=\"https:\/\/gamesystem.com\/wp-content\/uploads\/2018\/05\/installation-dune-ligne-de-vie-cable-sur-toiture-terrasse.jpg\"\n\t\t\t\t\t\tdata-fancybox=\"images\" \n\t\t\ttitle=\"installation d&amp;#039;une ligne de vie cable sur toiture terrasse\" \n\t\t\t\t\t\tdata-caption=\"Ligne de vie avec potelet\"\n\t\t\t\t\t\tdata-description=\"pose de potelet ligne de \" \n\t\t\titemprop=\"contentUrl\">\n\t\t<img decoding=\"async\" src=\"https:\/\/gamesystem.com\/wp-content\/uploads\/2018\/05\/installation-dune-ligne-de-vie-cable-sur-toiture-terrasse.jpg\" alt=\"Ligne de vie cable sur toiture terrasse\" data-no-lazy=\"1\" itemprop=\"thumbnail\" \/>\n\t\t\t<!-- Overlay Wrapper -->\n\t\t\t <!-- Overlay Wrapper Closed -->\n\t\t\t\t<\/a>\n\t\t\t\t\t\t\t<meta itemprop=\"width\" content=\"800\" \/>\n\t\t\t<meta itemprop=\"height\" content=\"600\" \/>\n\t\t\t\n\t\t\t\t<a href=\"https:\/\/gamesystem.com\/en\/our-achievements\/\" target=\"_blank\" rel=\"noopener\" role=\"button\">\n\t\t\t\t\t\t\tMore achievements\n\t\t<\/a>\n\t\t\t\n\n","protected":false},"excerpt":{"rendered":"<p>Gamesystem, expert in the field of working at height safety Choose life and transform your risk of falls from height into non-events ! True specialist in the prevention of falls&hellip;<\/p>\n","protected":false},"author":7,"featured_media":0,"parent":0,"menu_order":0,"comment_status":"closed","ping_status":"open","template":"","meta":[],"_links":{"self":[{"href":"https:\/\/gamesystem.com\/en\/wp-json\/wp\/v2\/pages\/13384"}],"collection":[{"href":"https:\/\/gamesystem.com\/en\/wp-json\/wp\/v2\/pages"}],"about":[{"href":"https:\/\/gamesystem.com\/en\/wp-json\/wp\/v2\/types\/page"}],"author":[{"embeddable":true,"href":"https:\/\/gamesystem.com\/en\/wp-json\/wp\/v2\/users\/7"}],"replies":[{"embeddable":true,"href":"https:\/\/gamesystem.com\/en\/wp-json\/wp\/v2\/comments?post=13384"}],"version-history":[{"count":0,"href":"https:\/\/gamesystem.com\/en\/wp-json\/wp\/v2\/pages\/13384\/revisions"}],"wp:attachment":[{"href":"https:\/\/gamesystem.com\/en\/wp-json\/wp\/v2\/media?parent=13384"}],"curies":[{"name":"wp","href":"https:\/\/api.w.org\/{rel}","templated":true}]}}